{"id":52123,"date":"2020-05-15T12:45:28","date_gmt":"2020-05-15T10:45:28","guid":{"rendered":"https:\/\/ewl.com.pl\/leasing-pracownikow\/"},"modified":"2024-06-14T13:18:40","modified_gmt":"2024-06-14T11:18:40","slug":"mitarbeiter-leasing","status":"publish","type":"page","link":"https:\/\/ewl.com.pl\/ewl\/de\/mitarbeiter-leasing\/","title":{"rendered":"Personalleasing"},"content":{"rendered":"","protected":false},"excerpt":{"rendered":"","protected":false},"author":1,"featured_media":0,"parent":0,"menu_order":0,"comment_status":"closed","ping_status":"closed","template":"","meta":{"_acf_changed":false,"footnotes":""},"class_list":["post-52123","page","type-page","status-publish","hentry"],"acf":[],"yoast_head":"<!-- This site is optimized with the Yoast SEO plugin v24.9 - https:\/\/yoast.com\/wordpress\/plugins\/seo\/ -->\n<title>Personalleasing und Mitarbeiter Leasing L\u00f6sungen - EWL.com.pl\/de\/<\/title>\n<meta name=\"description\" content=\"Mit der Wahl der Arbeitnehmer\u00fcberlassung optimieren Sie die Personalkosten und bereiten Ihr Unternehmen auf dynamische Ver\u00e4nderungen des Personalbedarfs vor\" \/>\n<meta name=\"robots\" content=\"index, follow, max-snippet:-1, max-image-preview:large, max-video-preview:-1\" \/>\n<link rel=\"canonical\" href=\"https:\/\/ewl.com.pl\/ewl\/de\/mitarbeiter-leasing\/\" \/>\n<meta property=\"og:locale\" content=\"de_DE\" \/>\n<meta property=\"og:type\" content=\"article\" \/>\n<meta property=\"og:title\" content=\"Leasing pracowniczy i us\u0142uga wynajmu pracownik\u00f3w - EWL Group\" \/>\n<meta property=\"og:description\" content=\"Wybieraj\u0105c us\u0142ug\u0119 leasingu pracownik\u00f3w zoptymalizujesz koszty zatrudnienia i przygotujesz firm\u0119 na dynamiczne zmiany zapotrzebowania kadrowego\" \/>\n<meta property=\"og:url\" content=\"https:\/\/ewl.com.pl\/ewl\/de\/mitarbeiter-leasing\/\" \/>\n<meta property=\"og:site_name\" content=\"EWL Group\" \/>\n<meta property=\"article:modified_time\" content=\"2024-06-14T11:18:40+00:00\" \/>\n<meta property=\"og:image\" content=\"https:\/\/ewl.com.pl\/ewl\/wp-content\/uploads\/2021\/02\/pracownicy-na-wynajem-dla-firm-agencja-ewl.jpg\" \/>\n\t<meta property=\"og:image:width\" content=\"1200\" \/>\n\t<meta property=\"og:image:height\" content=\"824\" \/>\n\t<meta property=\"og:image:type\" content=\"image\/jpeg\" \/>\n<meta name=\"twitter:card\" content=\"summary_large_image\" \/>\n<meta name=\"twitter:title\" content=\"Leasing pracowniczy i us\u0142uga wynajmu pracownik\u00f3w - EWL Group\" \/>\n<meta name=\"twitter:description\" content=\"Wybieraj\u0105c us\u0142ug\u0119 leasingu pracownik\u00f3w zoptymalizujesz koszty zatrudnienia i przygotujesz firm\u0119 na dynamiczne zmiany zapotrzebowania kadrowego\" \/>\n<meta name=\"twitter:image\" content=\"https:\/\/ewl.com.pl\/ewl\/wp-content\/uploads\/2021\/02\/pracownicy-na-wynajem-dla-firm-agencja-ewl.jpg\" \/>\n<script type=\"application\/ld+json\" class=\"yoast-schema-graph\">{\"@context\":\"https:\/\/schema.org\",\"@graph\":[{\"@type\":\"WebPage\",\"@id\":\"https:\/\/ewl.com.pl\/ewl\/de\/mitarbeiter-leasing\/\",\"url\":\"https:\/\/ewl.com.pl\/ewl\/de\/mitarbeiter-leasing\/\",\"name\":\"Personalleasing und Mitarbeiter Leasing L\u00f6sungen - EWL.com.pl\/de\/\",\"isPartOf\":{\"@id\":\"https:\/\/ewl.com.pl\/ewl\/de\/#website\"},\"datePublished\":\"2020-05-15T10:45:28+00:00\",\"dateModified\":\"2024-06-14T11:18:40+00:00\",\"description\":\"Mit der Wahl der Arbeitnehmer\u00fcberlassung optimieren Sie die Personalkosten und bereiten Ihr Unternehmen auf dynamische Ver\u00e4nderungen des Personalbedarfs vor\",\"breadcrumb\":{\"@id\":\"https:\/\/ewl.com.pl\/ewl\/de\/mitarbeiter-leasing\/#breadcrumb\"},\"inLanguage\":\"de-DE\",\"potentialAction\":[{\"@type\":\"ReadAction\",\"target\":[\"https:\/\/ewl.com.pl\/ewl\/de\/mitarbeiter-leasing\/\"]}]},{\"@type\":\"BreadcrumbList\",\"@id\":\"https:\/\/ewl.com.pl\/ewl\/de\/mitarbeiter-leasing\/#breadcrumb\",\"itemListElement\":[{\"@type\":\"ListItem\",\"position\":1,\"name\":\"Home\",\"item\":\"https:\/\/ewl.com.pl\/ewl\/de\/\"},{\"@type\":\"ListItem\",\"position\":2,\"name\":\"Personalleasing\"}]},{\"@type\":\"WebSite\",\"@id\":\"https:\/\/ewl.com.pl\/ewl\/de\/#website\",\"url\":\"https:\/\/ewl.com.pl\/ewl\/de\/\",\"name\":\"EWL Group\",\"description\":\"\",\"publisher\":{\"@id\":\"https:\/\/ewl.com.pl\/ewl\/de\/#organization\"},\"potentialAction\":[{\"@type\":\"SearchAction\",\"target\":{\"@type\":\"EntryPoint\",\"urlTemplate\":\"https:\/\/ewl.com.pl\/ewl\/de\/?s={search_term_string}\"},\"query-input\":{\"@type\":\"PropertyValueSpecification\",\"valueRequired\":true,\"valueName\":\"search_term_string\"}}],\"inLanguage\":\"de-DE\"},{\"@type\":\"Organization\",\"@id\":\"https:\/\/ewl.com.pl\/ewl\/de\/#organization\",\"name\":\"EWL Group\",\"url\":\"https:\/\/ewl.com.pl\/ewl\/de\/\",\"logo\":{\"@type\":\"ImageObject\",\"inLanguage\":\"de-DE\",\"@id\":\"https:\/\/ewl.com.pl\/ewl\/de\/#\/schema\/logo\/image\/\",\"url\":\"https:\/\/ewl.com.pl\/wp-content\/uploads\/2020\/06\/logo-white@2x.png\",\"contentUrl\":\"https:\/\/ewl.com.pl\/wp-content\/uploads\/2020\/06\/logo-white@2x.png\",\"width\":312,\"height\":130,\"caption\":\"EWL Group\"},\"image\":{\"@id\":\"https:\/\/ewl.com.pl\/ewl\/de\/#\/schema\/logo\/image\/\"}}]}<\/script>\n<!-- \/ Yoast SEO plugin. -->","yoast_head_json":{"title":"Personalleasing und Mitarbeiter Leasing L\u00f6sungen - EWL.com.pl\/de\/","description":"Mit der Wahl der Arbeitnehmer\u00fcberlassung optimieren Sie die Personalkosten und bereiten Ihr Unternehmen auf dynamische Ver\u00e4nderungen des Personalbedarfs vor","robots":{"index":"index","follow":"follow","max-snippet":"max-snippet:-1","max-image-preview":"max-image-preview:large","max-video-preview":"max-video-preview:-1"},"canonical":"https:\/\/ewl.com.pl\/ewl\/de\/mitarbeiter-leasing\/","og_locale":"de_DE","og_type":"article","og_title":"Leasing pracowniczy i us\u0142uga wynajmu pracownik\u00f3w - EWL Group","og_description":"Wybieraj\u0105c us\u0142ug\u0119 leasingu pracownik\u00f3w zoptymalizujesz koszty zatrudnienia i przygotujesz firm\u0119 na dynamiczne zmiany zapotrzebowania kadrowego","og_url":"https:\/\/ewl.com.pl\/ewl\/de\/mitarbeiter-leasing\/","og_site_name":"EWL Group","article_modified_time":"2024-06-14T11:18:40+00:00","og_image":[{"width":1200,"height":824,"url":"https:\/\/ewl.com.pl\/ewl\/wp-content\/uploads\/2021\/02\/pracownicy-na-wynajem-dla-firm-agencja-ewl.jpg","type":"image\/jpeg"}],"twitter_card":"summary_large_image","twitter_title":"Leasing pracowniczy i us\u0142uga wynajmu pracownik\u00f3w - EWL Group","twitter_description":"Wybieraj\u0105c us\u0142ug\u0119 leasingu pracownik\u00f3w zoptymalizujesz koszty zatrudnienia i przygotujesz firm\u0119 na dynamiczne zmiany zapotrzebowania kadrowego","twitter_image":"https:\/\/ewl.com.pl\/ewl\/wp-content\/uploads\/2021\/02\/pracownicy-na-wynajem-dla-firm-agencja-ewl.jpg","schema":{"@context":"https:\/\/schema.org","@graph":[{"@type":"WebPage","@id":"https:\/\/ewl.com.pl\/ewl\/de\/mitarbeiter-leasing\/","url":"https:\/\/ewl.com.pl\/ewl\/de\/mitarbeiter-leasing\/","name":"Personalleasing und Mitarbeiter Leasing L\u00f6sungen - EWL.com.pl\/de\/","isPartOf":{"@id":"https:\/\/ewl.com.pl\/ewl\/de\/#website"},"datePublished":"2020-05-15T10:45:28+00:00","dateModified":"2024-06-14T11:18:40+00:00","description":"Mit der Wahl der Arbeitnehmer\u00fcberlassung optimieren Sie die Personalkosten und bereiten Ihr Unternehmen auf dynamische Ver\u00e4nderungen des Personalbedarfs vor","breadcrumb":{"@id":"https:\/\/ewl.com.pl\/ewl\/de\/mitarbeiter-leasing\/#breadcrumb"},"inLanguage":"de-DE","potentialAction":[{"@type":"ReadAction","target":["https:\/\/ewl.com.pl\/ewl\/de\/mitarbeiter-leasing\/"]}]},{"@type":"BreadcrumbList","@id":"https:\/\/ewl.com.pl\/ewl\/de\/mitarbeiter-leasing\/#breadcrumb","itemListElement":[{"@type":"ListItem","position":1,"name":"Home","item":"https:\/\/ewl.com.pl\/ewl\/de\/"},{"@type":"ListItem","position":2,"name":"Personalleasing"}]},{"@type":"WebSite","@id":"https:\/\/ewl.com.pl\/ewl\/de\/#website","url":"https:\/\/ewl.com.pl\/ewl\/de\/","name":"EWL Group","description":"","publisher":{"@id":"https:\/\/ewl.com.pl\/ewl\/de\/#organization"},"potentialAction":[{"@type":"SearchAction","target":{"@type":"EntryPoint","urlTemplate":"https:\/\/ewl.com.pl\/ewl\/de\/?s={search_term_string}"},"query-input":{"@type":"PropertyValueSpecification","valueRequired":true,"valueName":"search_term_string"}}],"inLanguage":"de-DE"},{"@type":"Organization","@id":"https:\/\/ewl.com.pl\/ewl\/de\/#organization","name":"EWL Group","url":"https:\/\/ewl.com.pl\/ewl\/de\/","logo":{"@type":"ImageObject","inLanguage":"de-DE","@id":"https:\/\/ewl.com.pl\/ewl\/de\/#\/schema\/logo\/image\/","url":"https:\/\/ewl.com.pl\/wp-content\/uploads\/2020\/06\/logo-white@2x.png","contentUrl":"https:\/\/ewl.com.pl\/wp-content\/uploads\/2020\/06\/logo-white@2x.png","width":312,"height":130,"caption":"EWL Group"},"image":{"@id":"https:\/\/ewl.com.pl\/ewl\/de\/#\/schema\/logo\/image\/"}}]}},"_links":{"self":[{"href":"https:\/\/ewl.com.pl\/ewl\/de\/wp-json\/wp\/v2\/pages\/52123","targetHints":{"allow":["GET"]}}],"collection":[{"href":"https:\/\/ewl.com.pl\/ewl\/de\/wp-json\/wp\/v2\/pages"}],"about":[{"href":"https:\/\/ewl.com.pl\/ewl\/de\/wp-json\/wp\/v2\/types\/page"}],"author":[{"embeddable":true,"href":"https:\/\/ewl.com.pl\/ewl\/de\/wp-json\/wp\/v2\/users\/1"}],"replies":[{"embeddable":true,"href":"https:\/\/ewl.com.pl\/ewl\/de\/wp-json\/wp\/v2\/comments?post=52123"}],"version-history":[{"count":15,"href":"https:\/\/ewl.com.pl\/ewl\/de\/wp-json\/wp\/v2\/pages\/52123\/revisions"}],"predecessor-version":[{"id":84656,"href":"https:\/\/ewl.com.pl\/ewl\/de\/wp-json\/wp\/v2\/pages\/52123\/revisions\/84656"}],"wp:attachment":[{"href":"https:\/\/ewl.com.pl\/ewl\/de\/wp-json\/wp\/v2\/media?parent=52123"}],"curies":[{"name":"wp","href":"https:\/\/api.w.org\/{rel}","templated":true}]}}