{"id":46705,"date":"2020-04-14T12:45:13","date_gmt":"2020-04-14T10:45:13","guid":{"rendered":"https:\/\/ewl.com.pl\/o-nas\/"},"modified":"2023-04-20T08:32:10","modified_gmt":"2023-04-20T06:32:10","slug":"ueber-uns","status":"publish","type":"page","link":"https:\/\/ewl.com.pl\/ewl\/de\/ueber-uns\/","title":{"rendered":"Wer sind wir?"},"content":{"rendered":"","protected":false},"excerpt":{"rendered":"","protected":false},"author":1,"featured_media":0,"parent":0,"menu_order":0,"comment_status":"closed","ping_status":"closed","template":"","meta":{"_acf_changed":false,"footnotes":""},"class_list":["post-46705","page","type-page","status-publish","hentry"],"acf":[],"yoast_head":"<!-- This site is optimized with the Yoast SEO plugin v24.9 - https:\/\/yoast.com\/wordpress\/plugins\/seo\/ -->\n<title>Der Marktf\u00fchrer auf dem ausl\u00e4ndischen Arbeitsmarkt - EWL Group<\/title>\n<meta name=\"description\" content=\"Informieren Sie sich \u00fcber die Vorteile der Zusammenarbeit mit der gr\u00f6\u00dften Agentur auf dem Markt. Langj\u00e4hrige Erfahrung in der Rekrutierung von Mitarbeitern aus dem Ausland. Leasing und Outsourcing von Mitarbeitern\" \/>\n<meta name=\"robots\" content=\"index, follow, max-snippet:-1, max-image-preview:large, max-video-preview:-1\" \/>\n<link rel=\"canonical\" href=\"https:\/\/ewl.com.pl\/ewl\/de\/ueber-uns\/\" \/>\n<meta property=\"og:locale\" content=\"de_DE\" \/>\n<meta property=\"og:type\" content=\"article\" \/>\n<meta property=\"og:title\" content=\"Der Marktf\u00fchrer auf dem ausl\u00e4ndischen Arbeitsmarkt - EWL Group\" \/>\n<meta property=\"og:description\" content=\"Informieren Sie sich \u00fcber die Vorteile der Zusammenarbeit mit der gr\u00f6\u00dften Agentur auf dem Markt. Langj\u00e4hrige Erfahrung in der Rekrutierung von Mitarbeitern aus dem Ausland. Leasing und Outsourcing von Mitarbeitern\" \/>\n<meta property=\"og:url\" content=\"https:\/\/ewl.com.pl\/ewl\/de\/ueber-uns\/\" \/>\n<meta property=\"og:site_name\" content=\"EWL Group\" \/>\n<meta property=\"article:modified_time\" content=\"2023-04-20T06:32:10+00:00\" \/>\n<meta name=\"twitter:card\" content=\"summary_large_image\" \/>\n<script type=\"application\/ld+json\" class=\"yoast-schema-graph\">{\"@context\":\"https:\/\/schema.org\",\"@graph\":[{\"@type\":\"WebPage\",\"@id\":\"https:\/\/ewl.com.pl\/ewl\/de\/ueber-uns\/\",\"url\":\"https:\/\/ewl.com.pl\/ewl\/de\/ueber-uns\/\",\"name\":\"Der Marktf\u00fchrer auf dem ausl\u00e4ndischen Arbeitsmarkt - EWL Group\",\"isPartOf\":{\"@id\":\"https:\/\/ewl.com.pl\/ewl\/de\/#website\"},\"datePublished\":\"2020-04-14T10:45:13+00:00\",\"dateModified\":\"2023-04-20T06:32:10+00:00\",\"description\":\"Informieren Sie sich \u00fcber die Vorteile der Zusammenarbeit mit der gr\u00f6\u00dften Agentur auf dem Markt. Langj\u00e4hrige Erfahrung in der Rekrutierung von Mitarbeitern aus dem Ausland. Leasing und Outsourcing von Mitarbeitern\",\"breadcrumb\":{\"@id\":\"https:\/\/ewl.com.pl\/ewl\/de\/ueber-uns\/#breadcrumb\"},\"inLanguage\":\"de-DE\",\"potentialAction\":[{\"@type\":\"ReadAction\",\"target\":[\"https:\/\/ewl.com.pl\/ewl\/de\/ueber-uns\/\"]}]},{\"@type\":\"BreadcrumbList\",\"@id\":\"https:\/\/ewl.com.pl\/ewl\/de\/ueber-uns\/#breadcrumb\",\"itemListElement\":[{\"@type\":\"ListItem\",\"position\":1,\"name\":\"Home\",\"item\":\"https:\/\/ewl.com.pl\/ewl\/de\/\"},{\"@type\":\"ListItem\",\"position\":2,\"name\":\"Wer sind wir?\"}]},{\"@type\":\"WebSite\",\"@id\":\"https:\/\/ewl.com.pl\/ewl\/de\/#website\",\"url\":\"https:\/\/ewl.com.pl\/ewl\/de\/\",\"name\":\"EWL Group\",\"description\":\"\",\"publisher\":{\"@id\":\"https:\/\/ewl.com.pl\/ewl\/de\/#organization\"},\"potentialAction\":[{\"@type\":\"SearchAction\",\"target\":{\"@type\":\"EntryPoint\",\"urlTemplate\":\"https:\/\/ewl.com.pl\/ewl\/de\/?s={search_term_string}\"},\"query-input\":{\"@type\":\"PropertyValueSpecification\",\"valueRequired\":true,\"valueName\":\"search_term_string\"}}],\"inLanguage\":\"de-DE\"},{\"@type\":\"Organization\",\"@id\":\"https:\/\/ewl.com.pl\/ewl\/de\/#organization\",\"name\":\"EWL Group\",\"url\":\"https:\/\/ewl.com.pl\/ewl\/de\/\",\"logo\":{\"@type\":\"ImageObject\",\"inLanguage\":\"de-DE\",\"@id\":\"https:\/\/ewl.com.pl\/ewl\/de\/#\/schema\/logo\/image\/\",\"url\":\"https:\/\/ewl.com.pl\/wp-content\/uploads\/2020\/06\/logo-white@2x.png\",\"contentUrl\":\"https:\/\/ewl.com.pl\/wp-content\/uploads\/2020\/06\/logo-white@2x.png\",\"width\":312,\"height\":130,\"caption\":\"EWL Group\"},\"image\":{\"@id\":\"https:\/\/ewl.com.pl\/ewl\/de\/#\/schema\/logo\/image\/\"}}]}<\/script>\n<!-- \/ Yoast SEO plugin. -->","yoast_head_json":{"title":"Der Marktf\u00fchrer auf dem ausl\u00e4ndischen Arbeitsmarkt - EWL Group","description":"Informieren Sie sich \u00fcber die Vorteile der Zusammenarbeit mit der gr\u00f6\u00dften Agentur auf dem Markt. Langj\u00e4hrige Erfahrung in der Rekrutierung von Mitarbeitern aus dem Ausland. Leasing und Outsourcing von Mitarbeitern","robots":{"index":"index","follow":"follow","max-snippet":"max-snippet:-1","max-image-preview":"max-image-preview:large","max-video-preview":"max-video-preview:-1"},"canonical":"https:\/\/ewl.com.pl\/ewl\/de\/ueber-uns\/","og_locale":"de_DE","og_type":"article","og_title":"Der Marktf\u00fchrer auf dem ausl\u00e4ndischen Arbeitsmarkt - EWL Group","og_description":"Informieren Sie sich \u00fcber die Vorteile der Zusammenarbeit mit der gr\u00f6\u00dften Agentur auf dem Markt. Langj\u00e4hrige Erfahrung in der Rekrutierung von Mitarbeitern aus dem Ausland. Leasing und Outsourcing von Mitarbeitern","og_url":"https:\/\/ewl.com.pl\/ewl\/de\/ueber-uns\/","og_site_name":"EWL Group","article_modified_time":"2023-04-20T06:32:10+00:00","twitter_card":"summary_large_image","schema":{"@context":"https:\/\/schema.org","@graph":[{"@type":"WebPage","@id":"https:\/\/ewl.com.pl\/ewl\/de\/ueber-uns\/","url":"https:\/\/ewl.com.pl\/ewl\/de\/ueber-uns\/","name":"Der Marktf\u00fchrer auf dem ausl\u00e4ndischen Arbeitsmarkt - EWL Group","isPartOf":{"@id":"https:\/\/ewl.com.pl\/ewl\/de\/#website"},"datePublished":"2020-04-14T10:45:13+00:00","dateModified":"2023-04-20T06:32:10+00:00","description":"Informieren Sie sich \u00fcber die Vorteile der Zusammenarbeit mit der gr\u00f6\u00dften Agentur auf dem Markt. Langj\u00e4hrige Erfahrung in der Rekrutierung von Mitarbeitern aus dem Ausland. Leasing und Outsourcing von Mitarbeitern","breadcrumb":{"@id":"https:\/\/ewl.com.pl\/ewl\/de\/ueber-uns\/#breadcrumb"},"inLanguage":"de-DE","potentialAction":[{"@type":"ReadAction","target":["https:\/\/ewl.com.pl\/ewl\/de\/ueber-uns\/"]}]},{"@type":"BreadcrumbList","@id":"https:\/\/ewl.com.pl\/ewl\/de\/ueber-uns\/#breadcrumb","itemListElement":[{"@type":"ListItem","position":1,"name":"Home","item":"https:\/\/ewl.com.pl\/ewl\/de\/"},{"@type":"ListItem","position":2,"name":"Wer sind wir?"}]},{"@type":"WebSite","@id":"https:\/\/ewl.com.pl\/ewl\/de\/#website","url":"https:\/\/ewl.com.pl\/ewl\/de\/","name":"EWL Group","description":"","publisher":{"@id":"https:\/\/ewl.com.pl\/ewl\/de\/#organization"},"potentialAction":[{"@type":"SearchAction","target":{"@type":"EntryPoint","urlTemplate":"https:\/\/ewl.com.pl\/ewl\/de\/?s={search_term_string}"},"query-input":{"@type":"PropertyValueSpecification","valueRequired":true,"valueName":"search_term_string"}}],"inLanguage":"de-DE"},{"@type":"Organization","@id":"https:\/\/ewl.com.pl\/ewl\/de\/#organization","name":"EWL Group","url":"https:\/\/ewl.com.pl\/ewl\/de\/","logo":{"@type":"ImageObject","inLanguage":"de-DE","@id":"https:\/\/ewl.com.pl\/ewl\/de\/#\/schema\/logo\/image\/","url":"https:\/\/ewl.com.pl\/wp-content\/uploads\/2020\/06\/logo-white@2x.png","contentUrl":"https:\/\/ewl.com.pl\/wp-content\/uploads\/2020\/06\/logo-white@2x.png","width":312,"height":130,"caption":"EWL Group"},"image":{"@id":"https:\/\/ewl.com.pl\/ewl\/de\/#\/schema\/logo\/image\/"}}]}},"_links":{"self":[{"href":"https:\/\/ewl.com.pl\/ewl\/de\/wp-json\/wp\/v2\/pages\/46705","targetHints":{"allow":["GET"]}}],"collection":[{"href":"https:\/\/ewl.com.pl\/ewl\/de\/wp-json\/wp\/v2\/pages"}],"about":[{"href":"https:\/\/ewl.com.pl\/ewl\/de\/wp-json\/wp\/v2\/types\/page"}],"author":[{"embeddable":true,"href":"https:\/\/ewl.com.pl\/ewl\/de\/wp-json\/wp\/v2\/users\/1"}],"replies":[{"embeddable":true,"href":"https:\/\/ewl.com.pl\/ewl\/de\/wp-json\/wp\/v2\/comments?post=46705"}],"version-history":[{"count":24,"href":"https:\/\/ewl.com.pl\/ewl\/de\/wp-json\/wp\/v2\/pages\/46705\/revisions"}],"predecessor-version":[{"id":70542,"href":"https:\/\/ewl.com.pl\/ewl\/de\/wp-json\/wp\/v2\/pages\/46705\/revisions\/70542"}],"wp:attachment":[{"href":"https:\/\/ewl.com.pl\/ewl\/de\/wp-json\/wp\/v2\/media?parent=46705"}],"curies":[{"name":"wp","href":"https:\/\/api.w.org\/{rel}","templated":true}]}}