{"id":72874,"date":"2023-06-18T15:02:55","date_gmt":"2023-06-18T13:02:55","guid":{"rendered":"https:\/\/ewl.com.pl\/?page_id=72874"},"modified":"2023-07-24T11:58:09","modified_gmt":"2023-07-24T09:58:09","slug":"zamestnanci-v-prodeji-a-maloobchode","status":"publish","type":"page","link":"https:\/\/ewl.com.pl\/ewl\/cs\/zamestnanci-v-prodeji-a-maloobchode\/","title":{"rendered":"Zam\u011bstnanci v prodeji a maloobchod\u011b"},"content":{"rendered":"","protected":false},"excerpt":{"rendered":"","protected":false},"author":37,"featured_media":0,"parent":0,"menu_order":0,"comment_status":"closed","ping_status":"closed","template":"","meta":{"_acf_changed":false,"footnotes":""},"class_list":["post-72874","page","type-page","status-publish","hentry"],"acf":[],"yoast_head":"<!-- This site is optimized with the Yoast SEO plugin v24.9 - https:\/\/yoast.com\/wordpress\/plugins\/seo\/ -->\n<title>Zam\u011bstnanci v prodeji a maloobchod\u011b<\/title>\n<meta name=\"description\" content=\"Hled\u00e1te zam\u011bstnance? Pom\u016f\u017eeme v\u00e1m rychle a efektivn\u011b nabrat nekvalifikovan\u00e9 pracovn\u00edky z velkoobchodu a maloobchodu.\" \/>\n<meta name=\"robots\" content=\"index, follow, max-snippet:-1, max-image-preview:large, max-video-preview:-1\" \/>\n<link rel=\"canonical\" href=\"https:\/\/ewl.com.pl\/ewl\/cs\/zamestnanci-v-prodeji-a-maloobchode\/\" \/>\n<meta property=\"og:locale\" content=\"cs_CZ\" \/>\n<meta property=\"og:type\" content=\"article\" \/>\n<meta property=\"og:title\" content=\"Pracownicy na produkcj\u0119 - rekrutacja, wynajem, outsourcing dla firm\" \/>\n<meta property=\"og:description\" content=\"Szybka i efektywna rekrutacja pracownik\u00f3w produkcyjnych. Dzi\u0119ki EWL, zrekrutowani pracownicy na produkcj\u0119 do\u0142\u0105cz\u0105 do Twojej firmy gdy tylko b\u0119d\u0105 potrzebni\" \/>\n<meta property=\"og:url\" content=\"https:\/\/ewl.com.pl\/ewl\/cs\/zamestnanci-v-prodeji-a-maloobchode\/\" \/>\n<meta property=\"og:site_name\" content=\"EWL Group\" \/>\n<meta property=\"article:modified_time\" content=\"2023-07-24T09:58:09+00:00\" \/>\n<meta property=\"og:image\" content=\"https:\/\/ewl.com.pl\/ewl\/wp-content\/uploads\/2021\/03\/pracownicy-na-produkcje-rekrutacja-cudzoziemcow.jpg\" \/>\n\t<meta property=\"og:image:width\" content=\"800\" \/>\n\t<meta property=\"og:image:height\" content=\"490\" \/>\n\t<meta property=\"og:image:type\" content=\"image\/jpeg\" \/>\n<meta name=\"twitter:card\" content=\"summary_large_image\" \/>\n<meta name=\"twitter:title\" content=\"Pracownicy na produkcj\u0119 - rekrutacja, wynajem, outsourcing dla firm\" \/>\n<meta name=\"twitter:description\" content=\"Szybka i efektywna rekrutacja pracownik\u00f3w produkcyjnych. Dzi\u0119ki EWL, zrekrutowani pracownicy na produkcj\u0119 do\u0142\u0105cz\u0105 do Twojej firmy gdy tylko b\u0119d\u0105 potrzebni\" \/>\n<meta name=\"twitter:image\" content=\"https:\/\/ewl.com.pl\/ewl\/wp-content\/uploads\/2021\/03\/pracownicy-na-produkcje-rekrutacja-cudzoziemcow.jpg\" \/>\n<script type=\"application\/ld+json\" class=\"yoast-schema-graph\">{\"@context\":\"https:\/\/schema.org\",\"@graph\":[{\"@type\":\"WebPage\",\"@id\":\"https:\/\/ewl.com.pl\/ewl\/cs\/zamestnanci-v-prodeji-a-maloobchode\/\",\"url\":\"https:\/\/ewl.com.pl\/ewl\/cs\/zamestnanci-v-prodeji-a-maloobchode\/\",\"name\":\"Zam\u011bstnanci v prodeji a maloobchod\u011b\",\"isPartOf\":{\"@id\":\"https:\/\/ewl.com.pl\/ewl\/cs\/#website\"},\"datePublished\":\"2023-06-18T13:02:55+00:00\",\"dateModified\":\"2023-07-24T09:58:09+00:00\",\"description\":\"Hled\u00e1te zam\u011bstnance? Pom\u016f\u017eeme v\u00e1m rychle a efektivn\u011b nabrat nekvalifikovan\u00e9 pracovn\u00edky z velkoobchodu a maloobchodu.\",\"breadcrumb\":{\"@id\":\"https:\/\/ewl.com.pl\/ewl\/cs\/zamestnanci-v-prodeji-a-maloobchode\/#breadcrumb\"},\"inLanguage\":\"cs\",\"potentialAction\":[{\"@type\":\"ReadAction\",\"target\":[\"https:\/\/ewl.com.pl\/ewl\/cs\/zamestnanci-v-prodeji-a-maloobchode\/\"]}]},{\"@type\":\"BreadcrumbList\",\"@id\":\"https:\/\/ewl.com.pl\/ewl\/cs\/zamestnanci-v-prodeji-a-maloobchode\/#breadcrumb\",\"itemListElement\":[{\"@type\":\"ListItem\",\"position\":1,\"name\":\"Home\",\"item\":\"https:\/\/ewl.com.pl\/ewl\/cs\/\"},{\"@type\":\"ListItem\",\"position\":2,\"name\":\"Zam\u011bstnanci v prodeji a maloobchod\u011b\"}]},{\"@type\":\"WebSite\",\"@id\":\"https:\/\/ewl.com.pl\/ewl\/cs\/#website\",\"url\":\"https:\/\/ewl.com.pl\/ewl\/cs\/\",\"name\":\"EWL Group\",\"description\":\"\",\"publisher\":{\"@id\":\"https:\/\/ewl.com.pl\/ewl\/cs\/#organization\"},\"potentialAction\":[{\"@type\":\"SearchAction\",\"target\":{\"@type\":\"EntryPoint\",\"urlTemplate\":\"https:\/\/ewl.com.pl\/ewl\/cs\/?s={search_term_string}\"},\"query-input\":{\"@type\":\"PropertyValueSpecification\",\"valueRequired\":true,\"valueName\":\"search_term_string\"}}],\"inLanguage\":\"cs\"},{\"@type\":\"Organization\",\"@id\":\"https:\/\/ewl.com.pl\/ewl\/cs\/#organization\",\"name\":\"EWL Group\",\"url\":\"https:\/\/ewl.com.pl\/ewl\/cs\/\",\"logo\":{\"@type\":\"ImageObject\",\"inLanguage\":\"cs\",\"@id\":\"https:\/\/ewl.com.pl\/ewl\/cs\/#\/schema\/logo\/image\/\",\"url\":\"https:\/\/ewl.com.pl\/wp-content\/uploads\/2020\/06\/logo-white@2x.png\",\"contentUrl\":\"https:\/\/ewl.com.pl\/wp-content\/uploads\/2020\/06\/logo-white@2x.png\",\"width\":312,\"height\":130,\"caption\":\"EWL Group\"},\"image\":{\"@id\":\"https:\/\/ewl.com.pl\/ewl\/cs\/#\/schema\/logo\/image\/\"}}]}<\/script>\n<!-- \/ Yoast SEO plugin. -->","yoast_head_json":{"title":"Zam\u011bstnanci v prodeji a maloobchod\u011b","description":"Hled\u00e1te zam\u011bstnance? Pom\u016f\u017eeme v\u00e1m rychle a efektivn\u011b nabrat nekvalifikovan\u00e9 pracovn\u00edky z velkoobchodu a maloobchodu.","robots":{"index":"index","follow":"follow","max-snippet":"max-snippet:-1","max-image-preview":"max-image-preview:large","max-video-preview":"max-video-preview:-1"},"canonical":"https:\/\/ewl.com.pl\/ewl\/cs\/zamestnanci-v-prodeji-a-maloobchode\/","og_locale":"cs_CZ","og_type":"article","og_title":"Pracownicy na produkcj\u0119 - rekrutacja, wynajem, outsourcing dla firm","og_description":"Szybka i efektywna rekrutacja pracownik\u00f3w produkcyjnych. Dzi\u0119ki EWL, zrekrutowani pracownicy na produkcj\u0119 do\u0142\u0105cz\u0105 do Twojej firmy gdy tylko b\u0119d\u0105 potrzebni","og_url":"https:\/\/ewl.com.pl\/ewl\/cs\/zamestnanci-v-prodeji-a-maloobchode\/","og_site_name":"EWL Group","article_modified_time":"2023-07-24T09:58:09+00:00","og_image":[{"width":800,"height":490,"url":"https:\/\/ewl.com.pl\/ewl\/wp-content\/uploads\/2021\/03\/pracownicy-na-produkcje-rekrutacja-cudzoziemcow.jpg","type":"image\/jpeg"}],"twitter_card":"summary_large_image","twitter_title":"Pracownicy na produkcj\u0119 - rekrutacja, wynajem, outsourcing dla firm","twitter_description":"Szybka i efektywna rekrutacja pracownik\u00f3w produkcyjnych. Dzi\u0119ki EWL, zrekrutowani pracownicy na produkcj\u0119 do\u0142\u0105cz\u0105 do Twojej firmy gdy tylko b\u0119d\u0105 potrzebni","twitter_image":"https:\/\/ewl.com.pl\/ewl\/wp-content\/uploads\/2021\/03\/pracownicy-na-produkcje-rekrutacja-cudzoziemcow.jpg","schema":{"@context":"https:\/\/schema.org","@graph":[{"@type":"WebPage","@id":"https:\/\/ewl.com.pl\/ewl\/cs\/zamestnanci-v-prodeji-a-maloobchode\/","url":"https:\/\/ewl.com.pl\/ewl\/cs\/zamestnanci-v-prodeji-a-maloobchode\/","name":"Zam\u011bstnanci v prodeji a maloobchod\u011b","isPartOf":{"@id":"https:\/\/ewl.com.pl\/ewl\/cs\/#website"},"datePublished":"2023-06-18T13:02:55+00:00","dateModified":"2023-07-24T09:58:09+00:00","description":"Hled\u00e1te zam\u011bstnance? Pom\u016f\u017eeme v\u00e1m rychle a efektivn\u011b nabrat nekvalifikovan\u00e9 pracovn\u00edky z velkoobchodu a maloobchodu.","breadcrumb":{"@id":"https:\/\/ewl.com.pl\/ewl\/cs\/zamestnanci-v-prodeji-a-maloobchode\/#breadcrumb"},"inLanguage":"cs","potentialAction":[{"@type":"ReadAction","target":["https:\/\/ewl.com.pl\/ewl\/cs\/zamestnanci-v-prodeji-a-maloobchode\/"]}]},{"@type":"BreadcrumbList","@id":"https:\/\/ewl.com.pl\/ewl\/cs\/zamestnanci-v-prodeji-a-maloobchode\/#breadcrumb","itemListElement":[{"@type":"ListItem","position":1,"name":"Home","item":"https:\/\/ewl.com.pl\/ewl\/cs\/"},{"@type":"ListItem","position":2,"name":"Zam\u011bstnanci v prodeji a maloobchod\u011b"}]},{"@type":"WebSite","@id":"https:\/\/ewl.com.pl\/ewl\/cs\/#website","url":"https:\/\/ewl.com.pl\/ewl\/cs\/","name":"EWL Group","description":"","publisher":{"@id":"https:\/\/ewl.com.pl\/ewl\/cs\/#organization"},"potentialAction":[{"@type":"SearchAction","target":{"@type":"EntryPoint","urlTemplate":"https:\/\/ewl.com.pl\/ewl\/cs\/?s={search_term_string}"},"query-input":{"@type":"PropertyValueSpecification","valueRequired":true,"valueName":"search_term_string"}}],"inLanguage":"cs"},{"@type":"Organization","@id":"https:\/\/ewl.com.pl\/ewl\/cs\/#organization","name":"EWL Group","url":"https:\/\/ewl.com.pl\/ewl\/cs\/","logo":{"@type":"ImageObject","inLanguage":"cs","@id":"https:\/\/ewl.com.pl\/ewl\/cs\/#\/schema\/logo\/image\/","url":"https:\/\/ewl.com.pl\/wp-content\/uploads\/2020\/06\/logo-white@2x.png","contentUrl":"https:\/\/ewl.com.pl\/wp-content\/uploads\/2020\/06\/logo-white@2x.png","width":312,"height":130,"caption":"EWL Group"},"image":{"@id":"https:\/\/ewl.com.pl\/ewl\/cs\/#\/schema\/logo\/image\/"}}]}},"_links":{"self":[{"href":"https:\/\/ewl.com.pl\/ewl\/cs\/wp-json\/wp\/v2\/pages\/72874","targetHints":{"allow":["GET"]}}],"collection":[{"href":"https:\/\/ewl.com.pl\/ewl\/cs\/wp-json\/wp\/v2\/pages"}],"about":[{"href":"https:\/\/ewl.com.pl\/ewl\/cs\/wp-json\/wp\/v2\/types\/page"}],"author":[{"embeddable":true,"href":"https:\/\/ewl.com.pl\/ewl\/cs\/wp-json\/wp\/v2\/users\/37"}],"replies":[{"embeddable":true,"href":"https:\/\/ewl.com.pl\/ewl\/cs\/wp-json\/wp\/v2\/comments?post=72874"}],"version-history":[{"count":6,"href":"https:\/\/ewl.com.pl\/ewl\/cs\/wp-json\/wp\/v2\/pages\/72874\/revisions"}],"predecessor-version":[{"id":79154,"href":"https:\/\/ewl.com.pl\/ewl\/cs\/wp-json\/wp\/v2\/pages\/72874\/revisions\/79154"}],"wp:attachment":[{"href":"https:\/\/ewl.com.pl\/ewl\/cs\/wp-json\/wp\/v2\/media?parent=72874"}],"curies":[{"name":"wp","href":"https:\/\/api.w.org\/{rel}","templated":true}]}}