{"id":72708,"date":"2023-05-10T14:39:17","date_gmt":"2023-05-10T12:39:17","guid":{"rendered":"https:\/\/ewl.com.pl\/jak-wyglada-wspolpraca-z-ewl-group\/"},"modified":"2023-09-08T11:25:25","modified_gmt":"2023-09-08T09:25:25","slug":"jake-to-je-spolupracovat-se-spolecnosti-ewl-group","status":"publish","type":"page","link":"https:\/\/ewl.com.pl\/ewl\/cs\/jake-to-je-spolupracovat-se-spolecnosti-ewl-group\/","title":{"rendered":"Objevte zku\u0161enosti skupiny EWL"},"content":{"rendered":"","protected":false},"excerpt":{"rendered":"","protected":false},"author":42,"featured_media":0,"parent":0,"menu_order":0,"comment_status":"closed","ping_status":"closed","template":"info.php","meta":{"_acf_changed":false,"footnotes":""},"class_list":["post-72708","page","type-page","status-publish","hentry"],"acf":[],"yoast_head":"<!-- This site is optimized with the Yoast SEO plugin v24.9 - https:\/\/yoast.com\/wordpress\/plugins\/seo\/ -->\n<title>Objevte zku\u0161enosti skupiny EWL<\/title>\n<meta name=\"description\" content=\"Zjist\u011bte, jak vypad\u00e1 \u00fasp\u011b\u0161n\u00fd n\u00e1bor a legalizace se zku\u0161en\u00fdm agenturn\u00edm t\u00fdmem EWL Group. Seznamte se s procesem krok za krokem.\" \/>\n<meta name=\"robots\" content=\"noindex, follow\" \/>\n<meta property=\"og:locale\" content=\"cs_CZ\" \/>\n<meta property=\"og:type\" content=\"article\" \/>\n<meta property=\"og:title\" content=\"Objevte zku\u0161enosti skupiny EWL\" \/>\n<meta property=\"og:description\" content=\"Zjist\u011bte, jak vypad\u00e1 \u00fasp\u011b\u0161n\u00fd n\u00e1bor a legalizace se zku\u0161en\u00fdm agenturn\u00edm t\u00fdmem EWL Group. Seznamte se s procesem krok za krokem.\" \/>\n<meta property=\"og:url\" content=\"https:\/\/ewl.com.pl\/ewl\/cs\/jake-to-je-spolupracovat-se-spolecnosti-ewl-group\/\" \/>\n<meta property=\"og:site_name\" content=\"EWL Group\" \/>\n<meta property=\"article:modified_time\" content=\"2023-09-08T09:25:25+00:00\" \/>\n<meta property=\"og:image\" content=\"https:\/\/ewl.com.pl\/ewl\/wp-content\/uploads\/2023\/05\/umowa.png\" \/>\n\t<meta property=\"og:image:width\" content=\"999\" \/>\n\t<meta property=\"og:image:height\" content=\"775\" \/>\n\t<meta property=\"og:image:type\" content=\"image\/png\" \/>\n<meta name=\"twitter:card\" content=\"summary_large_image\" \/>\n<meta name=\"twitter:image\" content=\"https:\/\/ewl.com.pl\/ewl\/wp-content\/uploads\/2023\/05\/umowa.png\" \/>\n<script type=\"application\/ld+json\" class=\"yoast-schema-graph\">{\"@context\":\"https:\/\/schema.org\",\"@graph\":[{\"@type\":\"WebPage\",\"@id\":\"https:\/\/ewl.com.pl\/ewl\/cs\/jake-to-je-spolupracovat-se-spolecnosti-ewl-group\/\",\"url\":\"https:\/\/ewl.com.pl\/ewl\/cs\/jake-to-je-spolupracovat-se-spolecnosti-ewl-group\/\",\"name\":\"Objevte zku\u0161enosti skupiny EWL\",\"isPartOf\":{\"@id\":\"https:\/\/ewl.com.pl\/ewl\/cs\/#website\"},\"datePublished\":\"2023-05-10T12:39:17+00:00\",\"dateModified\":\"2023-09-08T09:25:25+00:00\",\"description\":\"Zjist\u011bte, jak vypad\u00e1 \u00fasp\u011b\u0161n\u00fd n\u00e1bor a legalizace se zku\u0161en\u00fdm agenturn\u00edm t\u00fdmem EWL Group. Seznamte se s procesem krok za krokem.\",\"breadcrumb\":{\"@id\":\"https:\/\/ewl.com.pl\/ewl\/cs\/jake-to-je-spolupracovat-se-spolecnosti-ewl-group\/#breadcrumb\"},\"inLanguage\":\"cs\",\"potentialAction\":[{\"@type\":\"ReadAction\",\"target\":[\"https:\/\/ewl.com.pl\/ewl\/cs\/jake-to-je-spolupracovat-se-spolecnosti-ewl-group\/\"]}]},{\"@type\":\"BreadcrumbList\",\"@id\":\"https:\/\/ewl.com.pl\/ewl\/cs\/jake-to-je-spolupracovat-se-spolecnosti-ewl-group\/#breadcrumb\",\"itemListElement\":[{\"@type\":\"ListItem\",\"position\":1,\"name\":\"Home\",\"item\":\"https:\/\/ewl.com.pl\/ewl\/cs\/\"},{\"@type\":\"ListItem\",\"position\":2,\"name\":\"Objevte zku\u0161enosti skupiny EWL\"}]},{\"@type\":\"WebSite\",\"@id\":\"https:\/\/ewl.com.pl\/ewl\/cs\/#website\",\"url\":\"https:\/\/ewl.com.pl\/ewl\/cs\/\",\"name\":\"EWL Group\",\"description\":\"\",\"publisher\":{\"@id\":\"https:\/\/ewl.com.pl\/ewl\/cs\/#organization\"},\"potentialAction\":[{\"@type\":\"SearchAction\",\"target\":{\"@type\":\"EntryPoint\",\"urlTemplate\":\"https:\/\/ewl.com.pl\/ewl\/cs\/?s={search_term_string}\"},\"query-input\":{\"@type\":\"PropertyValueSpecification\",\"valueRequired\":true,\"valueName\":\"search_term_string\"}}],\"inLanguage\":\"cs\"},{\"@type\":\"Organization\",\"@id\":\"https:\/\/ewl.com.pl\/ewl\/cs\/#organization\",\"name\":\"EWL Group\",\"url\":\"https:\/\/ewl.com.pl\/ewl\/cs\/\",\"logo\":{\"@type\":\"ImageObject\",\"inLanguage\":\"cs\",\"@id\":\"https:\/\/ewl.com.pl\/ewl\/cs\/#\/schema\/logo\/image\/\",\"url\":\"https:\/\/ewl.com.pl\/wp-content\/uploads\/2020\/06\/logo-white@2x.png\",\"contentUrl\":\"https:\/\/ewl.com.pl\/wp-content\/uploads\/2020\/06\/logo-white@2x.png\",\"width\":312,\"height\":130,\"caption\":\"EWL Group\"},\"image\":{\"@id\":\"https:\/\/ewl.com.pl\/ewl\/cs\/#\/schema\/logo\/image\/\"}}]}<\/script>\n<!-- \/ Yoast SEO plugin. -->","yoast_head_json":{"title":"Objevte zku\u0161enosti skupiny EWL","description":"Zjist\u011bte, jak vypad\u00e1 \u00fasp\u011b\u0161n\u00fd n\u00e1bor a legalizace se zku\u0161en\u00fdm agenturn\u00edm t\u00fdmem EWL Group. Seznamte se s procesem krok za krokem.","robots":{"index":"noindex","follow":"follow"},"og_locale":"cs_CZ","og_type":"article","og_title":"Objevte zku\u0161enosti skupiny EWL","og_description":"Zjist\u011bte, jak vypad\u00e1 \u00fasp\u011b\u0161n\u00fd n\u00e1bor a legalizace se zku\u0161en\u00fdm agenturn\u00edm t\u00fdmem EWL Group. Seznamte se s procesem krok za krokem.","og_url":"https:\/\/ewl.com.pl\/ewl\/cs\/jake-to-je-spolupracovat-se-spolecnosti-ewl-group\/","og_site_name":"EWL Group","article_modified_time":"2023-09-08T09:25:25+00:00","og_image":[{"width":999,"height":775,"url":"https:\/\/ewl.com.pl\/ewl\/wp-content\/uploads\/2023\/05\/umowa.png","type":"image\/png"}],"twitter_card":"summary_large_image","twitter_image":"https:\/\/ewl.com.pl\/ewl\/wp-content\/uploads\/2023\/05\/umowa.png","schema":{"@context":"https:\/\/schema.org","@graph":[{"@type":"WebPage","@id":"https:\/\/ewl.com.pl\/ewl\/cs\/jake-to-je-spolupracovat-se-spolecnosti-ewl-group\/","url":"https:\/\/ewl.com.pl\/ewl\/cs\/jake-to-je-spolupracovat-se-spolecnosti-ewl-group\/","name":"Objevte zku\u0161enosti skupiny EWL","isPartOf":{"@id":"https:\/\/ewl.com.pl\/ewl\/cs\/#website"},"datePublished":"2023-05-10T12:39:17+00:00","dateModified":"2023-09-08T09:25:25+00:00","description":"Zjist\u011bte, jak vypad\u00e1 \u00fasp\u011b\u0161n\u00fd n\u00e1bor a legalizace se zku\u0161en\u00fdm agenturn\u00edm t\u00fdmem EWL Group. Seznamte se s procesem krok za krokem.","breadcrumb":{"@id":"https:\/\/ewl.com.pl\/ewl\/cs\/jake-to-je-spolupracovat-se-spolecnosti-ewl-group\/#breadcrumb"},"inLanguage":"cs","potentialAction":[{"@type":"ReadAction","target":["https:\/\/ewl.com.pl\/ewl\/cs\/jake-to-je-spolupracovat-se-spolecnosti-ewl-group\/"]}]},{"@type":"BreadcrumbList","@id":"https:\/\/ewl.com.pl\/ewl\/cs\/jake-to-je-spolupracovat-se-spolecnosti-ewl-group\/#breadcrumb","itemListElement":[{"@type":"ListItem","position":1,"name":"Home","item":"https:\/\/ewl.com.pl\/ewl\/cs\/"},{"@type":"ListItem","position":2,"name":"Objevte zku\u0161enosti skupiny EWL"}]},{"@type":"WebSite","@id":"https:\/\/ewl.com.pl\/ewl\/cs\/#website","url":"https:\/\/ewl.com.pl\/ewl\/cs\/","name":"EWL Group","description":"","publisher":{"@id":"https:\/\/ewl.com.pl\/ewl\/cs\/#organization"},"potentialAction":[{"@type":"SearchAction","target":{"@type":"EntryPoint","urlTemplate":"https:\/\/ewl.com.pl\/ewl\/cs\/?s={search_term_string}"},"query-input":{"@type":"PropertyValueSpecification","valueRequired":true,"valueName":"search_term_string"}}],"inLanguage":"cs"},{"@type":"Organization","@id":"https:\/\/ewl.com.pl\/ewl\/cs\/#organization","name":"EWL Group","url":"https:\/\/ewl.com.pl\/ewl\/cs\/","logo":{"@type":"ImageObject","inLanguage":"cs","@id":"https:\/\/ewl.com.pl\/ewl\/cs\/#\/schema\/logo\/image\/","url":"https:\/\/ewl.com.pl\/wp-content\/uploads\/2020\/06\/logo-white@2x.png","contentUrl":"https:\/\/ewl.com.pl\/wp-content\/uploads\/2020\/06\/logo-white@2x.png","width":312,"height":130,"caption":"EWL Group"},"image":{"@id":"https:\/\/ewl.com.pl\/ewl\/cs\/#\/schema\/logo\/image\/"}}]}},"_links":{"self":[{"href":"https:\/\/ewl.com.pl\/ewl\/cs\/wp-json\/wp\/v2\/pages\/72708","targetHints":{"allow":["GET"]}}],"collection":[{"href":"https:\/\/ewl.com.pl\/ewl\/cs\/wp-json\/wp\/v2\/pages"}],"about":[{"href":"https:\/\/ewl.com.pl\/ewl\/cs\/wp-json\/wp\/v2\/types\/page"}],"author":[{"embeddable":true,"href":"https:\/\/ewl.com.pl\/ewl\/cs\/wp-json\/wp\/v2\/users\/42"}],"replies":[{"embeddable":true,"href":"https:\/\/ewl.com.pl\/ewl\/cs\/wp-json\/wp\/v2\/comments?post=72708"}],"version-history":[{"count":11,"href":"https:\/\/ewl.com.pl\/ewl\/cs\/wp-json\/wp\/v2\/pages\/72708\/revisions"}],"predecessor-version":[{"id":79866,"href":"https:\/\/ewl.com.pl\/ewl\/cs\/wp-json\/wp\/v2\/pages\/72708\/revisions\/79866"}],"wp:attachment":[{"href":"https:\/\/ewl.com.pl\/ewl\/cs\/wp-json\/wp\/v2\/media?parent=72708"}],"curies":[{"name":"wp","href":"https:\/\/api.w.org\/{rel}","templated":true}]}}