{"id":55213,"date":"2022-03-25T16:07:58","date_gmt":"2022-03-25T15:07:58","guid":{"rendered":"https:\/\/ewl.com.pl\/case-study\/operatorzy-wozkow-widlowych-dla-twojej-firmy\/"},"modified":"2022-04-06T13:37:58","modified_gmt":"2022-04-06T11:37:58","slug":"operatori-vysokozdviznych-voziku-pro-vase-podnikani","status":"publish","type":"page","link":"https:\/\/ewl.com.pl\/ewl\/cs\/case-study\/operatori-vysokozdviznych-voziku-pro-vase-podnikani\/","title":{"rendered":"Oper\u00e1to\u0159i vysokozdvi\u017en\u00fdch voz\u00edk\u016f pro va\u0161e podnik\u00e1n\u00ed"},"content":{"rendered":"","protected":false},"excerpt":{"rendered":"","protected":false},"author":42,"featured_media":0,"parent":52075,"menu_order":0,"comment_status":"closed","ping_status":"closed","template":"info.php","meta":{"_acf_changed":false,"footnotes":""},"class_list":["post-55213","page","type-page","status-publish","hentry"],"acf":[],"yoast_head":"<!-- This site is optimized with the Yoast SEO plugin v24.9 - https:\/\/yoast.com\/wordpress\/plugins\/seo\/ -->\n<title>Oper\u00e1to\u0159i vysokozdvi\u017en\u00fdch voz\u00edk\u016f pro va\u0161e podnik\u00e1n\u00ed<\/title>\n<meta name=\"description\" content=\"P\u0159\u00edpadov\u00e1 studie jedn\u00e9 z implementac\u00ed EWL pro l\u00eddra v odv\u011btv\u00ed logistiky. Pod\u00edvejte se, jak slu\u017eby a \u0159e\u0161en\u00ed EWL pom\u00e1haj\u00ed zlep\u0161it va\u0161e podnik\u00e1n\u00ed!\" \/>\n<meta name=\"robots\" content=\"index, follow, max-snippet:-1, max-image-preview:large, max-video-preview:-1\" \/>\n<link rel=\"canonical\" href=\"https:\/\/ewl.com.pl\/ewl\/cs\/case-study\/operatori-vysokozdviznych-voziku-pro-vase-podnikani\/\" \/>\n<meta property=\"og:locale\" content=\"cs_CZ\" \/>\n<meta property=\"og:type\" content=\"article\" \/>\n<meta property=\"og:title\" content=\"Oper\u00e1to\u0159i vysokozdvi\u017en\u00fdch voz\u00edk\u016f pro va\u0161e podnik\u00e1n\u00ed\" \/>\n<meta property=\"og:description\" content=\"P\u0159\u00edpadov\u00e1 studie jedn\u00e9 z implementac\u00ed EWL pro l\u00eddra v odv\u011btv\u00ed logistiky. Pod\u00edvejte se, jak slu\u017eby a \u0159e\u0161en\u00ed EWL pom\u00e1haj\u00ed zlep\u0161it va\u0161e podnik\u00e1n\u00ed!\" \/>\n<meta property=\"og:url\" content=\"https:\/\/ewl.com.pl\/ewl\/cs\/case-study\/operatori-vysokozdviznych-voziku-pro-vase-podnikani\/\" \/>\n<meta property=\"og:site_name\" content=\"EWL Group\" \/>\n<meta property=\"article:modified_time\" content=\"2022-04-06T11:37:58+00:00\" \/>\n<meta name=\"twitter:card\" content=\"summary_large_image\" \/>\n<script type=\"application\/ld+json\" class=\"yoast-schema-graph\">{\"@context\":\"https:\/\/schema.org\",\"@graph\":[{\"@type\":\"WebPage\",\"@id\":\"https:\/\/ewl.com.pl\/ewl\/cs\/case-study\/operatori-vysokozdviznych-voziku-pro-vase-podnikani\/\",\"url\":\"https:\/\/ewl.com.pl\/ewl\/cs\/case-study\/operatori-vysokozdviznych-voziku-pro-vase-podnikani\/\",\"name\":\"Oper\u00e1to\u0159i vysokozdvi\u017en\u00fdch voz\u00edk\u016f pro va\u0161e podnik\u00e1n\u00ed\",\"isPartOf\":{\"@id\":\"https:\/\/ewl.com.pl\/ewl\/cs\/#website\"},\"datePublished\":\"2022-03-25T15:07:58+00:00\",\"dateModified\":\"2022-04-06T11:37:58+00:00\",\"description\":\"P\u0159\u00edpadov\u00e1 studie jedn\u00e9 z implementac\u00ed EWL pro l\u00eddra v odv\u011btv\u00ed logistiky. Pod\u00edvejte se, jak slu\u017eby a \u0159e\u0161en\u00ed EWL pom\u00e1haj\u00ed zlep\u0161it va\u0161e podnik\u00e1n\u00ed!\",\"breadcrumb\":{\"@id\":\"https:\/\/ewl.com.pl\/ewl\/cs\/case-study\/operatori-vysokozdviznych-voziku-pro-vase-podnikani\/#breadcrumb\"},\"inLanguage\":\"cs\",\"potentialAction\":[{\"@type\":\"ReadAction\",\"target\":[\"https:\/\/ewl.com.pl\/ewl\/cs\/case-study\/operatori-vysokozdviznych-voziku-pro-vase-podnikani\/\"]}]},{\"@type\":\"BreadcrumbList\",\"@id\":\"https:\/\/ewl.com.pl\/ewl\/cs\/case-study\/operatori-vysokozdviznych-voziku-pro-vase-podnikani\/#breadcrumb\",\"itemListElement\":[{\"@type\":\"ListItem\",\"position\":1,\"name\":\"Home\",\"item\":\"https:\/\/ewl.com.pl\/ewl\/cs\/\"},{\"@type\":\"ListItem\",\"position\":2,\"name\":\"Case study\",\"item\":\"https:\/\/ewl.com.pl\/ewl\/cs\/case-study\/\"},{\"@type\":\"ListItem\",\"position\":3,\"name\":\"Oper\u00e1to\u0159i vysokozdvi\u017en\u00fdch voz\u00edk\u016f pro va\u0161e podnik\u00e1n\u00ed\"}]},{\"@type\":\"WebSite\",\"@id\":\"https:\/\/ewl.com.pl\/ewl\/cs\/#website\",\"url\":\"https:\/\/ewl.com.pl\/ewl\/cs\/\",\"name\":\"EWL Group\",\"description\":\"\",\"publisher\":{\"@id\":\"https:\/\/ewl.com.pl\/ewl\/cs\/#organization\"},\"potentialAction\":[{\"@type\":\"SearchAction\",\"target\":{\"@type\":\"EntryPoint\",\"urlTemplate\":\"https:\/\/ewl.com.pl\/ewl\/cs\/?s={search_term_string}\"},\"query-input\":{\"@type\":\"PropertyValueSpecification\",\"valueRequired\":true,\"valueName\":\"search_term_string\"}}],\"inLanguage\":\"cs\"},{\"@type\":\"Organization\",\"@id\":\"https:\/\/ewl.com.pl\/ewl\/cs\/#organization\",\"name\":\"EWL Group\",\"url\":\"https:\/\/ewl.com.pl\/ewl\/cs\/\",\"logo\":{\"@type\":\"ImageObject\",\"inLanguage\":\"cs\",\"@id\":\"https:\/\/ewl.com.pl\/ewl\/cs\/#\/schema\/logo\/image\/\",\"url\":\"https:\/\/ewl.com.pl\/wp-content\/uploads\/2020\/06\/logo-white@2x.png\",\"contentUrl\":\"https:\/\/ewl.com.pl\/wp-content\/uploads\/2020\/06\/logo-white@2x.png\",\"width\":312,\"height\":130,\"caption\":\"EWL Group\"},\"image\":{\"@id\":\"https:\/\/ewl.com.pl\/ewl\/cs\/#\/schema\/logo\/image\/\"}}]}<\/script>\n<!-- \/ Yoast SEO plugin. -->","yoast_head_json":{"title":"Oper\u00e1to\u0159i vysokozdvi\u017en\u00fdch voz\u00edk\u016f pro va\u0161e podnik\u00e1n\u00ed","description":"P\u0159\u00edpadov\u00e1 studie jedn\u00e9 z implementac\u00ed EWL pro l\u00eddra v odv\u011btv\u00ed logistiky. Pod\u00edvejte se, jak slu\u017eby a \u0159e\u0161en\u00ed EWL pom\u00e1haj\u00ed zlep\u0161it va\u0161e podnik\u00e1n\u00ed!","robots":{"index":"index","follow":"follow","max-snippet":"max-snippet:-1","max-image-preview":"max-image-preview:large","max-video-preview":"max-video-preview:-1"},"canonical":"https:\/\/ewl.com.pl\/ewl\/cs\/case-study\/operatori-vysokozdviznych-voziku-pro-vase-podnikani\/","og_locale":"cs_CZ","og_type":"article","og_title":"Oper\u00e1to\u0159i vysokozdvi\u017en\u00fdch voz\u00edk\u016f pro va\u0161e podnik\u00e1n\u00ed","og_description":"P\u0159\u00edpadov\u00e1 studie jedn\u00e9 z implementac\u00ed EWL pro l\u00eddra v odv\u011btv\u00ed logistiky. Pod\u00edvejte se, jak slu\u017eby a \u0159e\u0161en\u00ed EWL pom\u00e1haj\u00ed zlep\u0161it va\u0161e podnik\u00e1n\u00ed!","og_url":"https:\/\/ewl.com.pl\/ewl\/cs\/case-study\/operatori-vysokozdviznych-voziku-pro-vase-podnikani\/","og_site_name":"EWL Group","article_modified_time":"2022-04-06T11:37:58+00:00","twitter_card":"summary_large_image","schema":{"@context":"https:\/\/schema.org","@graph":[{"@type":"WebPage","@id":"https:\/\/ewl.com.pl\/ewl\/cs\/case-study\/operatori-vysokozdviznych-voziku-pro-vase-podnikani\/","url":"https:\/\/ewl.com.pl\/ewl\/cs\/case-study\/operatori-vysokozdviznych-voziku-pro-vase-podnikani\/","name":"Oper\u00e1to\u0159i vysokozdvi\u017en\u00fdch voz\u00edk\u016f pro va\u0161e podnik\u00e1n\u00ed","isPartOf":{"@id":"https:\/\/ewl.com.pl\/ewl\/cs\/#website"},"datePublished":"2022-03-25T15:07:58+00:00","dateModified":"2022-04-06T11:37:58+00:00","description":"P\u0159\u00edpadov\u00e1 studie jedn\u00e9 z implementac\u00ed EWL pro l\u00eddra v odv\u011btv\u00ed logistiky. Pod\u00edvejte se, jak slu\u017eby a \u0159e\u0161en\u00ed EWL pom\u00e1haj\u00ed zlep\u0161it va\u0161e podnik\u00e1n\u00ed!","breadcrumb":{"@id":"https:\/\/ewl.com.pl\/ewl\/cs\/case-study\/operatori-vysokozdviznych-voziku-pro-vase-podnikani\/#breadcrumb"},"inLanguage":"cs","potentialAction":[{"@type":"ReadAction","target":["https:\/\/ewl.com.pl\/ewl\/cs\/case-study\/operatori-vysokozdviznych-voziku-pro-vase-podnikani\/"]}]},{"@type":"BreadcrumbList","@id":"https:\/\/ewl.com.pl\/ewl\/cs\/case-study\/operatori-vysokozdviznych-voziku-pro-vase-podnikani\/#breadcrumb","itemListElement":[{"@type":"ListItem","position":1,"name":"Home","item":"https:\/\/ewl.com.pl\/ewl\/cs\/"},{"@type":"ListItem","position":2,"name":"Case study","item":"https:\/\/ewl.com.pl\/ewl\/cs\/case-study\/"},{"@type":"ListItem","position":3,"name":"Oper\u00e1to\u0159i vysokozdvi\u017en\u00fdch voz\u00edk\u016f pro va\u0161e podnik\u00e1n\u00ed"}]},{"@type":"WebSite","@id":"https:\/\/ewl.com.pl\/ewl\/cs\/#website","url":"https:\/\/ewl.com.pl\/ewl\/cs\/","name":"EWL Group","description":"","publisher":{"@id":"https:\/\/ewl.com.pl\/ewl\/cs\/#organization"},"potentialAction":[{"@type":"SearchAction","target":{"@type":"EntryPoint","urlTemplate":"https:\/\/ewl.com.pl\/ewl\/cs\/?s={search_term_string}"},"query-input":{"@type":"PropertyValueSpecification","valueRequired":true,"valueName":"search_term_string"}}],"inLanguage":"cs"},{"@type":"Organization","@id":"https:\/\/ewl.com.pl\/ewl\/cs\/#organization","name":"EWL Group","url":"https:\/\/ewl.com.pl\/ewl\/cs\/","logo":{"@type":"ImageObject","inLanguage":"cs","@id":"https:\/\/ewl.com.pl\/ewl\/cs\/#\/schema\/logo\/image\/","url":"https:\/\/ewl.com.pl\/wp-content\/uploads\/2020\/06\/logo-white@2x.png","contentUrl":"https:\/\/ewl.com.pl\/wp-content\/uploads\/2020\/06\/logo-white@2x.png","width":312,"height":130,"caption":"EWL Group"},"image":{"@id":"https:\/\/ewl.com.pl\/ewl\/cs\/#\/schema\/logo\/image\/"}}]}},"_links":{"self":[{"href":"https:\/\/ewl.com.pl\/ewl\/cs\/wp-json\/wp\/v2\/pages\/55213","targetHints":{"allow":["GET"]}}],"collection":[{"href":"https:\/\/ewl.com.pl\/ewl\/cs\/wp-json\/wp\/v2\/pages"}],"about":[{"href":"https:\/\/ewl.com.pl\/ewl\/cs\/wp-json\/wp\/v2\/types\/page"}],"author":[{"embeddable":true,"href":"https:\/\/ewl.com.pl\/ewl\/cs\/wp-json\/wp\/v2\/users\/42"}],"replies":[{"embeddable":true,"href":"https:\/\/ewl.com.pl\/ewl\/cs\/wp-json\/wp\/v2\/comments?post=55213"}],"version-history":[{"count":2,"href":"https:\/\/ewl.com.pl\/ewl\/cs\/wp-json\/wp\/v2\/pages\/55213\/revisions"}],"predecessor-version":[{"id":55248,"href":"https:\/\/ewl.com.pl\/ewl\/cs\/wp-json\/wp\/v2\/pages\/55213\/revisions\/55248"}],"up":[{"embeddable":true,"href":"https:\/\/ewl.com.pl\/ewl\/cs\/wp-json\/wp\/v2\/pages\/52075"}],"wp:attachment":[{"href":"https:\/\/ewl.com.pl\/ewl\/cs\/wp-json\/wp\/v2\/media?parent=55213"}],"curies":[{"name":"wp","href":"https:\/\/api.w.org\/{rel}","templated":true}]}}