{"id":55173,"date":"2022-03-09T12:07:50","date_gmt":"2022-03-09T11:07:50","guid":{"rendered":"https:\/\/ewl.com.pl\/case-study\/rola-onboardingu-oraz-doradztwa-legalizacyjnego\/"},"modified":"2022-04-06T12:11:10","modified_gmt":"2022-04-06T10:11:10","slug":"role-poradenstvi-v-oblasti-onboardingu-a-legalizace-pri-snizovani-rotace","status":"publish","type":"page","link":"https:\/\/ewl.com.pl\/ewl\/cs\/case-study\/role-poradenstvi-v-oblasti-onboardingu-a-legalizace-pri-snizovani-rotace\/","title":{"rendered":"Role poradenstv\u00ed v oblasti onboardingu a legalizace p\u0159i sni\u017eov\u00e1n\u00ed rotace"},"content":{"rendered":"","protected":false},"excerpt":{"rendered":"","protected":false},"author":42,"featured_media":0,"parent":52075,"menu_order":0,"comment_status":"closed","ping_status":"closed","template":"info.php","meta":{"_acf_changed":false,"footnotes":""},"class_list":["post-55173","page","type-page","status-publish","hentry"],"acf":[],"yoast_head":"<!-- This site is optimized with the Yoast SEO plugin v24.9 - https:\/\/yoast.com\/wordpress\/plugins\/seo\/ -->\n<title>Role poradenstv\u00ed v oblasti onboardingu a legalizace p\u0159i sni\u017eov\u00e1n\u00ed rotace<\/title>\n<meta name=\"description\" content=\"P\u0159\u00edpadov\u00e1 studie jedn\u00e9 z implementac\u00ed EWL pro spole\u010dnost v oblasti logistiky a potravin\u00e1\u0159stv\u00ed. Pod\u00edvejte se, jak slu\u017eby a \u0159e\u0161en\u00ed EWL pom\u00e1haj\u00ed zlep\u0161it va\u0161e podnik\u00e1n\u00ed!\" \/>\n<meta name=\"robots\" content=\"index, follow, max-snippet:-1, max-image-preview:large, max-video-preview:-1\" \/>\n<link rel=\"canonical\" href=\"https:\/\/ewl.com.pl\/ewl\/cs\/case-study\/role-poradenstvi-v-oblasti-onboardingu-a-legalizace-pri-snizovani-rotace\/\" \/>\n<meta property=\"og:locale\" content=\"cs_CZ\" \/>\n<meta property=\"og:type\" content=\"article\" \/>\n<meta property=\"og:title\" content=\"Role poradenstv\u00ed v oblasti onboardingu a legalizace p\u0159i sni\u017eov\u00e1n\u00ed rotace\" \/>\n<meta property=\"og:description\" content=\"P\u0159\u00edpadov\u00e1 studie jedn\u00e9 z implementac\u00ed EWL pro spole\u010dnost v oblasti logistiky a potravin\u00e1\u0159stv\u00ed. Pod\u00edvejte se, jak slu\u017eby a \u0159e\u0161en\u00ed EWL pom\u00e1haj\u00ed zlep\u0161it va\u0161e podnik\u00e1n\u00ed!\" \/>\n<meta property=\"og:url\" content=\"https:\/\/ewl.com.pl\/ewl\/cs\/case-study\/role-poradenstvi-v-oblasti-onboardingu-a-legalizace-pri-snizovani-rotace\/\" \/>\n<meta property=\"og:site_name\" content=\"EWL Group\" \/>\n<meta property=\"article:modified_time\" content=\"2022-04-06T10:11:10+00:00\" \/>\n<meta name=\"twitter:card\" content=\"summary_large_image\" \/>\n<script type=\"application\/ld+json\" class=\"yoast-schema-graph\">{\"@context\":\"https:\/\/schema.org\",\"@graph\":[{\"@type\":\"WebPage\",\"@id\":\"https:\/\/ewl.com.pl\/ewl\/cs\/case-study\/role-poradenstvi-v-oblasti-onboardingu-a-legalizace-pri-snizovani-rotace\/\",\"url\":\"https:\/\/ewl.com.pl\/ewl\/cs\/case-study\/role-poradenstvi-v-oblasti-onboardingu-a-legalizace-pri-snizovani-rotace\/\",\"name\":\"Role poradenstv\u00ed v oblasti onboardingu a legalizace p\u0159i sni\u017eov\u00e1n\u00ed rotace\",\"isPartOf\":{\"@id\":\"https:\/\/ewl.com.pl\/ewl\/cs\/#website\"},\"datePublished\":\"2022-03-09T11:07:50+00:00\",\"dateModified\":\"2022-04-06T10:11:10+00:00\",\"description\":\"P\u0159\u00edpadov\u00e1 studie jedn\u00e9 z implementac\u00ed EWL pro spole\u010dnost v oblasti logistiky a potravin\u00e1\u0159stv\u00ed. Pod\u00edvejte se, jak slu\u017eby a \u0159e\u0161en\u00ed EWL pom\u00e1haj\u00ed zlep\u0161it va\u0161e podnik\u00e1n\u00ed!\",\"breadcrumb\":{\"@id\":\"https:\/\/ewl.com.pl\/ewl\/cs\/case-study\/role-poradenstvi-v-oblasti-onboardingu-a-legalizace-pri-snizovani-rotace\/#breadcrumb\"},\"inLanguage\":\"cs\",\"potentialAction\":[{\"@type\":\"ReadAction\",\"target\":[\"https:\/\/ewl.com.pl\/ewl\/cs\/case-study\/role-poradenstvi-v-oblasti-onboardingu-a-legalizace-pri-snizovani-rotace\/\"]}]},{\"@type\":\"BreadcrumbList\",\"@id\":\"https:\/\/ewl.com.pl\/ewl\/cs\/case-study\/role-poradenstvi-v-oblasti-onboardingu-a-legalizace-pri-snizovani-rotace\/#breadcrumb\",\"itemListElement\":[{\"@type\":\"ListItem\",\"position\":1,\"name\":\"Home\",\"item\":\"https:\/\/ewl.com.pl\/ewl\/cs\/\"},{\"@type\":\"ListItem\",\"position\":2,\"name\":\"Case study\",\"item\":\"https:\/\/ewl.com.pl\/ewl\/cs\/case-study\/\"},{\"@type\":\"ListItem\",\"position\":3,\"name\":\"Role poradenstv\u00ed v oblasti onboardingu a legalizace p\u0159i sni\u017eov\u00e1n\u00ed rotace\"}]},{\"@type\":\"WebSite\",\"@id\":\"https:\/\/ewl.com.pl\/ewl\/cs\/#website\",\"url\":\"https:\/\/ewl.com.pl\/ewl\/cs\/\",\"name\":\"EWL Group\",\"description\":\"\",\"publisher\":{\"@id\":\"https:\/\/ewl.com.pl\/ewl\/cs\/#organization\"},\"potentialAction\":[{\"@type\":\"SearchAction\",\"target\":{\"@type\":\"EntryPoint\",\"urlTemplate\":\"https:\/\/ewl.com.pl\/ewl\/cs\/?s={search_term_string}\"},\"query-input\":{\"@type\":\"PropertyValueSpecification\",\"valueRequired\":true,\"valueName\":\"search_term_string\"}}],\"inLanguage\":\"cs\"},{\"@type\":\"Organization\",\"@id\":\"https:\/\/ewl.com.pl\/ewl\/cs\/#organization\",\"name\":\"EWL Group\",\"url\":\"https:\/\/ewl.com.pl\/ewl\/cs\/\",\"logo\":{\"@type\":\"ImageObject\",\"inLanguage\":\"cs\",\"@id\":\"https:\/\/ewl.com.pl\/ewl\/cs\/#\/schema\/logo\/image\/\",\"url\":\"https:\/\/ewl.com.pl\/wp-content\/uploads\/2020\/06\/logo-white@2x.png\",\"contentUrl\":\"https:\/\/ewl.com.pl\/wp-content\/uploads\/2020\/06\/logo-white@2x.png\",\"width\":312,\"height\":130,\"caption\":\"EWL Group\"},\"image\":{\"@id\":\"https:\/\/ewl.com.pl\/ewl\/cs\/#\/schema\/logo\/image\/\"}}]}<\/script>\n<!-- \/ Yoast SEO plugin. -->","yoast_head_json":{"title":"Role poradenstv\u00ed v oblasti onboardingu a legalizace p\u0159i sni\u017eov\u00e1n\u00ed rotace","description":"P\u0159\u00edpadov\u00e1 studie jedn\u00e9 z implementac\u00ed EWL pro spole\u010dnost v oblasti logistiky a potravin\u00e1\u0159stv\u00ed. Pod\u00edvejte se, jak slu\u017eby a \u0159e\u0161en\u00ed EWL pom\u00e1haj\u00ed zlep\u0161it va\u0161e podnik\u00e1n\u00ed!","robots":{"index":"index","follow":"follow","max-snippet":"max-snippet:-1","max-image-preview":"max-image-preview:large","max-video-preview":"max-video-preview:-1"},"canonical":"https:\/\/ewl.com.pl\/ewl\/cs\/case-study\/role-poradenstvi-v-oblasti-onboardingu-a-legalizace-pri-snizovani-rotace\/","og_locale":"cs_CZ","og_type":"article","og_title":"Role poradenstv\u00ed v oblasti onboardingu a legalizace p\u0159i sni\u017eov\u00e1n\u00ed rotace","og_description":"P\u0159\u00edpadov\u00e1 studie jedn\u00e9 z implementac\u00ed EWL pro spole\u010dnost v oblasti logistiky a potravin\u00e1\u0159stv\u00ed. Pod\u00edvejte se, jak slu\u017eby a \u0159e\u0161en\u00ed EWL pom\u00e1haj\u00ed zlep\u0161it va\u0161e podnik\u00e1n\u00ed!","og_url":"https:\/\/ewl.com.pl\/ewl\/cs\/case-study\/role-poradenstvi-v-oblasti-onboardingu-a-legalizace-pri-snizovani-rotace\/","og_site_name":"EWL Group","article_modified_time":"2022-04-06T10:11:10+00:00","twitter_card":"summary_large_image","schema":{"@context":"https:\/\/schema.org","@graph":[{"@type":"WebPage","@id":"https:\/\/ewl.com.pl\/ewl\/cs\/case-study\/role-poradenstvi-v-oblasti-onboardingu-a-legalizace-pri-snizovani-rotace\/","url":"https:\/\/ewl.com.pl\/ewl\/cs\/case-study\/role-poradenstvi-v-oblasti-onboardingu-a-legalizace-pri-snizovani-rotace\/","name":"Role poradenstv\u00ed v oblasti onboardingu a legalizace p\u0159i sni\u017eov\u00e1n\u00ed rotace","isPartOf":{"@id":"https:\/\/ewl.com.pl\/ewl\/cs\/#website"},"datePublished":"2022-03-09T11:07:50+00:00","dateModified":"2022-04-06T10:11:10+00:00","description":"P\u0159\u00edpadov\u00e1 studie jedn\u00e9 z implementac\u00ed EWL pro spole\u010dnost v oblasti logistiky a potravin\u00e1\u0159stv\u00ed. Pod\u00edvejte se, jak slu\u017eby a \u0159e\u0161en\u00ed EWL pom\u00e1haj\u00ed zlep\u0161it va\u0161e podnik\u00e1n\u00ed!","breadcrumb":{"@id":"https:\/\/ewl.com.pl\/ewl\/cs\/case-study\/role-poradenstvi-v-oblasti-onboardingu-a-legalizace-pri-snizovani-rotace\/#breadcrumb"},"inLanguage":"cs","potentialAction":[{"@type":"ReadAction","target":["https:\/\/ewl.com.pl\/ewl\/cs\/case-study\/role-poradenstvi-v-oblasti-onboardingu-a-legalizace-pri-snizovani-rotace\/"]}]},{"@type":"BreadcrumbList","@id":"https:\/\/ewl.com.pl\/ewl\/cs\/case-study\/role-poradenstvi-v-oblasti-onboardingu-a-legalizace-pri-snizovani-rotace\/#breadcrumb","itemListElement":[{"@type":"ListItem","position":1,"name":"Home","item":"https:\/\/ewl.com.pl\/ewl\/cs\/"},{"@type":"ListItem","position":2,"name":"Case study","item":"https:\/\/ewl.com.pl\/ewl\/cs\/case-study\/"},{"@type":"ListItem","position":3,"name":"Role poradenstv\u00ed v oblasti onboardingu a legalizace p\u0159i sni\u017eov\u00e1n\u00ed rotace"}]},{"@type":"WebSite","@id":"https:\/\/ewl.com.pl\/ewl\/cs\/#website","url":"https:\/\/ewl.com.pl\/ewl\/cs\/","name":"EWL Group","description":"","publisher":{"@id":"https:\/\/ewl.com.pl\/ewl\/cs\/#organization"},"potentialAction":[{"@type":"SearchAction","target":{"@type":"EntryPoint","urlTemplate":"https:\/\/ewl.com.pl\/ewl\/cs\/?s={search_term_string}"},"query-input":{"@type":"PropertyValueSpecification","valueRequired":true,"valueName":"search_term_string"}}],"inLanguage":"cs"},{"@type":"Organization","@id":"https:\/\/ewl.com.pl\/ewl\/cs\/#organization","name":"EWL Group","url":"https:\/\/ewl.com.pl\/ewl\/cs\/","logo":{"@type":"ImageObject","inLanguage":"cs","@id":"https:\/\/ewl.com.pl\/ewl\/cs\/#\/schema\/logo\/image\/","url":"https:\/\/ewl.com.pl\/wp-content\/uploads\/2020\/06\/logo-white@2x.png","contentUrl":"https:\/\/ewl.com.pl\/wp-content\/uploads\/2020\/06\/logo-white@2x.png","width":312,"height":130,"caption":"EWL Group"},"image":{"@id":"https:\/\/ewl.com.pl\/ewl\/cs\/#\/schema\/logo\/image\/"}}]}},"_links":{"self":[{"href":"https:\/\/ewl.com.pl\/ewl\/cs\/wp-json\/wp\/v2\/pages\/55173","targetHints":{"allow":["GET"]}}],"collection":[{"href":"https:\/\/ewl.com.pl\/ewl\/cs\/wp-json\/wp\/v2\/pages"}],"about":[{"href":"https:\/\/ewl.com.pl\/ewl\/cs\/wp-json\/wp\/v2\/types\/page"}],"author":[{"embeddable":true,"href":"https:\/\/ewl.com.pl\/ewl\/cs\/wp-json\/wp\/v2\/users\/42"}],"replies":[{"embeddable":true,"href":"https:\/\/ewl.com.pl\/ewl\/cs\/wp-json\/wp\/v2\/comments?post=55173"}],"version-history":[{"count":2,"href":"https:\/\/ewl.com.pl\/ewl\/cs\/wp-json\/wp\/v2\/pages\/55173\/revisions"}],"predecessor-version":[{"id":55206,"href":"https:\/\/ewl.com.pl\/ewl\/cs\/wp-json\/wp\/v2\/pages\/55173\/revisions\/55206"}],"up":[{"embeddable":true,"href":"https:\/\/ewl.com.pl\/ewl\/cs\/wp-json\/wp\/v2\/pages\/52075"}],"wp:attachment":[{"href":"https:\/\/ewl.com.pl\/ewl\/cs\/wp-json\/wp\/v2\/media?parent=55173"}],"curies":[{"name":"wp","href":"https:\/\/api.w.org\/{rel}","templated":true}]}}