{"id":52094,"date":"2021-11-10T13:37:58","date_gmt":"2021-11-10T12:37:58","guid":{"rendered":"https:\/\/ewl.com.pl\/case-study\/zapobieganie-przestojom-w-produkcji-zywnosci-case-study\/"},"modified":"2022-04-21T08:07:17","modified_gmt":"2022-04-21T06:07:17","slug":"prevence-vypadku-ve-vyrobnim-zivote-case-study","status":"publish","type":"page","link":"https:\/\/ewl.com.pl\/ewl\/cs\/case-study\/prevence-vypadku-ve-vyrobnim-zivote-case-study\/","title":{"rendered":"Prevence prostoj\u016f ve v\u00fdrob\u011b potravin"},"content":{"rendered":"","protected":false},"excerpt":{"rendered":"","protected":false},"author":42,"featured_media":0,"parent":52075,"menu_order":0,"comment_status":"closed","ping_status":"closed","template":"info.php","meta":{"_acf_changed":false,"footnotes":""},"class_list":["post-52094","page","type-page","status-publish","hentry"],"acf":[],"yoast_head":"<!-- This site is optimized with the Yoast SEO plugin v24.9 - https:\/\/yoast.com\/wordpress\/plugins\/seo\/ -->\n<title>Jak p\u0159edch\u00e1zet prostoj\u016fm ve v\u00fdrob\u011b potravin v oblasti rychloobr\u00e1tkov\u00e9ho zbo\u017e\u00ed<\/title>\n<meta name=\"description\" content=\"P\u0159\u00edpadov\u00e1 studie jedn\u00e9 z implementac\u00ed spole\u010dnosti EWL pro v\u00fdrobn\u00ed spole\u010dnost z odv\u011btv\u00ed rychloobr\u00e1tkov\u00e9ho zbo\u017e\u00ed. Pod\u00edvejte se, jak slu\u017eby a \u0159e\u0161en\u00ed EWL pom\u00e1haj\u00ed zlep\u0161it va\u0161e podnik\u00e1n\u00ed!\" \/>\n<meta name=\"robots\" content=\"index, follow, max-snippet:-1, max-image-preview:large, max-video-preview:-1\" \/>\n<link rel=\"canonical\" href=\"https:\/\/ewl.com.pl\/ewl\/cs\/case-study\/prevence-vypadku-ve-vyrobnim-zivote-case-study\/\" \/>\n<meta property=\"og:locale\" content=\"cs_CZ\" \/>\n<meta property=\"og:type\" content=\"article\" \/>\n<meta property=\"og:title\" content=\"Jak p\u0159edch\u00e1zet prostoj\u016fm ve v\u00fdrob\u011b potravin v oblasti rychloobr\u00e1tkov\u00e9ho zbo\u017e\u00ed\" \/>\n<meta property=\"og:description\" content=\"P\u0159\u00edpadov\u00e1 studie jedn\u00e9 z implementac\u00ed spole\u010dnosti EWL pro v\u00fdrobn\u00ed spole\u010dnost z odv\u011btv\u00ed rychloobr\u00e1tkov\u00e9ho zbo\u017e\u00ed. Pod\u00edvejte se, jak slu\u017eby a \u0159e\u0161en\u00ed EWL pom\u00e1haj\u00ed zlep\u0161it va\u0161e podnik\u00e1n\u00ed!\" \/>\n<meta property=\"og:url\" content=\"https:\/\/ewl.com.pl\/ewl\/cs\/case-study\/prevence-vypadku-ve-vyrobnim-zivote-case-study\/\" \/>\n<meta property=\"og:site_name\" content=\"EWL Group\" \/>\n<meta property=\"article:modified_time\" content=\"2022-04-21T06:07:17+00:00\" \/>\n<meta name=\"twitter:card\" content=\"summary_large_image\" \/>\n<script type=\"application\/ld+json\" class=\"yoast-schema-graph\">{\"@context\":\"https:\/\/schema.org\",\"@graph\":[{\"@type\":\"WebPage\",\"@id\":\"https:\/\/ewl.com.pl\/ewl\/cs\/case-study\/prevence-vypadku-ve-vyrobnim-zivote-case-study\/\",\"url\":\"https:\/\/ewl.com.pl\/ewl\/cs\/case-study\/prevence-vypadku-ve-vyrobnim-zivote-case-study\/\",\"name\":\"Jak p\u0159edch\u00e1zet prostoj\u016fm ve v\u00fdrob\u011b potravin v oblasti rychloobr\u00e1tkov\u00e9ho zbo\u017e\u00ed\",\"isPartOf\":{\"@id\":\"https:\/\/ewl.com.pl\/ewl\/cs\/#website\"},\"datePublished\":\"2021-11-10T12:37:58+00:00\",\"dateModified\":\"2022-04-21T06:07:17+00:00\",\"description\":\"P\u0159\u00edpadov\u00e1 studie jedn\u00e9 z implementac\u00ed spole\u010dnosti EWL pro v\u00fdrobn\u00ed spole\u010dnost z odv\u011btv\u00ed rychloobr\u00e1tkov\u00e9ho zbo\u017e\u00ed. Pod\u00edvejte se, jak slu\u017eby a \u0159e\u0161en\u00ed EWL pom\u00e1haj\u00ed zlep\u0161it va\u0161e podnik\u00e1n\u00ed!\",\"breadcrumb\":{\"@id\":\"https:\/\/ewl.com.pl\/ewl\/cs\/case-study\/prevence-vypadku-ve-vyrobnim-zivote-case-study\/#breadcrumb\"},\"inLanguage\":\"cs\",\"potentialAction\":[{\"@type\":\"ReadAction\",\"target\":[\"https:\/\/ewl.com.pl\/ewl\/cs\/case-study\/prevence-vypadku-ve-vyrobnim-zivote-case-study\/\"]}]},{\"@type\":\"BreadcrumbList\",\"@id\":\"https:\/\/ewl.com.pl\/ewl\/cs\/case-study\/prevence-vypadku-ve-vyrobnim-zivote-case-study\/#breadcrumb\",\"itemListElement\":[{\"@type\":\"ListItem\",\"position\":1,\"name\":\"Home\",\"item\":\"https:\/\/ewl.com.pl\/ewl\/cs\/\"},{\"@type\":\"ListItem\",\"position\":2,\"name\":\"Case study\",\"item\":\"https:\/\/ewl.com.pl\/ewl\/cs\/case-study\/\"},{\"@type\":\"ListItem\",\"position\":3,\"name\":\"Prevence prostoj\u016f ve v\u00fdrob\u011b potravin\"}]},{\"@type\":\"WebSite\",\"@id\":\"https:\/\/ewl.com.pl\/ewl\/cs\/#website\",\"url\":\"https:\/\/ewl.com.pl\/ewl\/cs\/\",\"name\":\"EWL Group\",\"description\":\"\",\"publisher\":{\"@id\":\"https:\/\/ewl.com.pl\/ewl\/cs\/#organization\"},\"potentialAction\":[{\"@type\":\"SearchAction\",\"target\":{\"@type\":\"EntryPoint\",\"urlTemplate\":\"https:\/\/ewl.com.pl\/ewl\/cs\/?s={search_term_string}\"},\"query-input\":{\"@type\":\"PropertyValueSpecification\",\"valueRequired\":true,\"valueName\":\"search_term_string\"}}],\"inLanguage\":\"cs\"},{\"@type\":\"Organization\",\"@id\":\"https:\/\/ewl.com.pl\/ewl\/cs\/#organization\",\"name\":\"EWL Group\",\"url\":\"https:\/\/ewl.com.pl\/ewl\/cs\/\",\"logo\":{\"@type\":\"ImageObject\",\"inLanguage\":\"cs\",\"@id\":\"https:\/\/ewl.com.pl\/ewl\/cs\/#\/schema\/logo\/image\/\",\"url\":\"https:\/\/ewl.com.pl\/wp-content\/uploads\/2020\/06\/logo-white@2x.png\",\"contentUrl\":\"https:\/\/ewl.com.pl\/wp-content\/uploads\/2020\/06\/logo-white@2x.png\",\"width\":312,\"height\":130,\"caption\":\"EWL Group\"},\"image\":{\"@id\":\"https:\/\/ewl.com.pl\/ewl\/cs\/#\/schema\/logo\/image\/\"}}]}<\/script>\n<!-- \/ Yoast SEO plugin. -->","yoast_head_json":{"title":"Jak p\u0159edch\u00e1zet prostoj\u016fm ve v\u00fdrob\u011b potravin v oblasti rychloobr\u00e1tkov\u00e9ho zbo\u017e\u00ed","description":"P\u0159\u00edpadov\u00e1 studie jedn\u00e9 z implementac\u00ed spole\u010dnosti EWL pro v\u00fdrobn\u00ed spole\u010dnost z odv\u011btv\u00ed rychloobr\u00e1tkov\u00e9ho zbo\u017e\u00ed. Pod\u00edvejte se, jak slu\u017eby a \u0159e\u0161en\u00ed EWL pom\u00e1haj\u00ed zlep\u0161it va\u0161e podnik\u00e1n\u00ed!","robots":{"index":"index","follow":"follow","max-snippet":"max-snippet:-1","max-image-preview":"max-image-preview:large","max-video-preview":"max-video-preview:-1"},"canonical":"https:\/\/ewl.com.pl\/ewl\/cs\/case-study\/prevence-vypadku-ve-vyrobnim-zivote-case-study\/","og_locale":"cs_CZ","og_type":"article","og_title":"Jak p\u0159edch\u00e1zet prostoj\u016fm ve v\u00fdrob\u011b potravin v oblasti rychloobr\u00e1tkov\u00e9ho zbo\u017e\u00ed","og_description":"P\u0159\u00edpadov\u00e1 studie jedn\u00e9 z implementac\u00ed spole\u010dnosti EWL pro v\u00fdrobn\u00ed spole\u010dnost z odv\u011btv\u00ed rychloobr\u00e1tkov\u00e9ho zbo\u017e\u00ed. Pod\u00edvejte se, jak slu\u017eby a \u0159e\u0161en\u00ed EWL pom\u00e1haj\u00ed zlep\u0161it va\u0161e podnik\u00e1n\u00ed!","og_url":"https:\/\/ewl.com.pl\/ewl\/cs\/case-study\/prevence-vypadku-ve-vyrobnim-zivote-case-study\/","og_site_name":"EWL Group","article_modified_time":"2022-04-21T06:07:17+00:00","twitter_card":"summary_large_image","schema":{"@context":"https:\/\/schema.org","@graph":[{"@type":"WebPage","@id":"https:\/\/ewl.com.pl\/ewl\/cs\/case-study\/prevence-vypadku-ve-vyrobnim-zivote-case-study\/","url":"https:\/\/ewl.com.pl\/ewl\/cs\/case-study\/prevence-vypadku-ve-vyrobnim-zivote-case-study\/","name":"Jak p\u0159edch\u00e1zet prostoj\u016fm ve v\u00fdrob\u011b potravin v oblasti rychloobr\u00e1tkov\u00e9ho zbo\u017e\u00ed","isPartOf":{"@id":"https:\/\/ewl.com.pl\/ewl\/cs\/#website"},"datePublished":"2021-11-10T12:37:58+00:00","dateModified":"2022-04-21T06:07:17+00:00","description":"P\u0159\u00edpadov\u00e1 studie jedn\u00e9 z implementac\u00ed spole\u010dnosti EWL pro v\u00fdrobn\u00ed spole\u010dnost z odv\u011btv\u00ed rychloobr\u00e1tkov\u00e9ho zbo\u017e\u00ed. Pod\u00edvejte se, jak slu\u017eby a \u0159e\u0161en\u00ed EWL pom\u00e1haj\u00ed zlep\u0161it va\u0161e podnik\u00e1n\u00ed!","breadcrumb":{"@id":"https:\/\/ewl.com.pl\/ewl\/cs\/case-study\/prevence-vypadku-ve-vyrobnim-zivote-case-study\/#breadcrumb"},"inLanguage":"cs","potentialAction":[{"@type":"ReadAction","target":["https:\/\/ewl.com.pl\/ewl\/cs\/case-study\/prevence-vypadku-ve-vyrobnim-zivote-case-study\/"]}]},{"@type":"BreadcrumbList","@id":"https:\/\/ewl.com.pl\/ewl\/cs\/case-study\/prevence-vypadku-ve-vyrobnim-zivote-case-study\/#breadcrumb","itemListElement":[{"@type":"ListItem","position":1,"name":"Home","item":"https:\/\/ewl.com.pl\/ewl\/cs\/"},{"@type":"ListItem","position":2,"name":"Case study","item":"https:\/\/ewl.com.pl\/ewl\/cs\/case-study\/"},{"@type":"ListItem","position":3,"name":"Prevence prostoj\u016f ve v\u00fdrob\u011b potravin"}]},{"@type":"WebSite","@id":"https:\/\/ewl.com.pl\/ewl\/cs\/#website","url":"https:\/\/ewl.com.pl\/ewl\/cs\/","name":"EWL Group","description":"","publisher":{"@id":"https:\/\/ewl.com.pl\/ewl\/cs\/#organization"},"potentialAction":[{"@type":"SearchAction","target":{"@type":"EntryPoint","urlTemplate":"https:\/\/ewl.com.pl\/ewl\/cs\/?s={search_term_string}"},"query-input":{"@type":"PropertyValueSpecification","valueRequired":true,"valueName":"search_term_string"}}],"inLanguage":"cs"},{"@type":"Organization","@id":"https:\/\/ewl.com.pl\/ewl\/cs\/#organization","name":"EWL Group","url":"https:\/\/ewl.com.pl\/ewl\/cs\/","logo":{"@type":"ImageObject","inLanguage":"cs","@id":"https:\/\/ewl.com.pl\/ewl\/cs\/#\/schema\/logo\/image\/","url":"https:\/\/ewl.com.pl\/wp-content\/uploads\/2020\/06\/logo-white@2x.png","contentUrl":"https:\/\/ewl.com.pl\/wp-content\/uploads\/2020\/06\/logo-white@2x.png","width":312,"height":130,"caption":"EWL Group"},"image":{"@id":"https:\/\/ewl.com.pl\/ewl\/cs\/#\/schema\/logo\/image\/"}}]}},"_links":{"self":[{"href":"https:\/\/ewl.com.pl\/ewl\/cs\/wp-json\/wp\/v2\/pages\/52094","targetHints":{"allow":["GET"]}}],"collection":[{"href":"https:\/\/ewl.com.pl\/ewl\/cs\/wp-json\/wp\/v2\/pages"}],"about":[{"href":"https:\/\/ewl.com.pl\/ewl\/cs\/wp-json\/wp\/v2\/types\/page"}],"author":[{"embeddable":true,"href":"https:\/\/ewl.com.pl\/ewl\/cs\/wp-json\/wp\/v2\/users\/42"}],"replies":[{"embeddable":true,"href":"https:\/\/ewl.com.pl\/ewl\/cs\/wp-json\/wp\/v2\/comments?post=52094"}],"version-history":[{"count":12,"href":"https:\/\/ewl.com.pl\/ewl\/cs\/wp-json\/wp\/v2\/pages\/52094\/revisions"}],"predecessor-version":[{"id":56132,"href":"https:\/\/ewl.com.pl\/ewl\/cs\/wp-json\/wp\/v2\/pages\/52094\/revisions\/56132"}],"up":[{"embeddable":true,"href":"https:\/\/ewl.com.pl\/ewl\/cs\/wp-json\/wp\/v2\/pages\/52075"}],"wp:attachment":[{"href":"https:\/\/ewl.com.pl\/ewl\/cs\/wp-json\/wp\/v2\/media?parent=52094"}],"curies":[{"name":"wp","href":"https:\/\/api.w.org\/{rel}","templated":true}]}}