{"id":52012,"date":"2020-05-15T12:46:20","date_gmt":"2020-05-15T10:46:20","guid":{"rendered":"https:\/\/ewl.com.pl\/outsourcing-procesow-i-pracownikow\/"},"modified":"2023-07-24T11:54:27","modified_gmt":"2023-07-24T09:54:27","slug":"outsourcing-procesu-a-funkci","status":"publish","type":"page","link":"https:\/\/ewl.com.pl\/ewl\/cs\/outsourcing-procesu-a-funkci\/","title":{"rendered":"Outsourcing proces\u016f a funkc\u00ed"},"content":{"rendered":"","protected":false},"excerpt":{"rendered":"","protected":false},"author":1,"featured_media":0,"parent":0,"menu_order":0,"comment_status":"closed","ping_status":"closed","template":"","meta":{"_acf_changed":false,"footnotes":""},"class_list":["post-52012","page","type-page","status-publish","hentry"],"acf":[],"yoast_head":"<!-- This site is optimized with the Yoast SEO plugin v24.9 - https:\/\/yoast.com\/wordpress\/plugins\/seo\/ -->\n<title>Outsourcing proces\u016f a funkc\u00ed - obchodn\u00ed slu\u017eby EWL Group<\/title>\n<meta name=\"description\" content=\"V r\u00e1mci outsourcingu proces\u016f pom\u00e1h\u00e1me firm\u00e1m zvy\u0161ovat efektivitu a z\u00e1rove\u0148 sni\u017eovat n\u00e1klady a pap\u00edrov\u00e1n\u00ed.\" \/>\n<meta name=\"robots\" content=\"index, follow, max-snippet:-1, max-image-preview:large, max-video-preview:-1\" \/>\n<link rel=\"canonical\" href=\"https:\/\/ewl.com.pl\/ewl\/cs\/outsourcing-procesu-a-funkci\/\" \/>\n<meta property=\"og:locale\" content=\"cs_CZ\" \/>\n<meta property=\"og:type\" content=\"article\" \/>\n<meta property=\"og:title\" content=\"Outsourcing proces\u00f3w i funkcji - wynajem pracownik\u00f3w do zada\u0144\" \/>\n<meta property=\"og:description\" content=\"W ramach us\u0142ugi outsourcingu proces\u00f3w pomagamy firmom zwi\u0119ksza\u0107 efektywno\u015b\u0107 przy jednoczesnym obni\u017caniu koszt\u00f3w i formalno\u015bci\" \/>\n<meta property=\"og:url\" content=\"https:\/\/ewl.com.pl\/ewl\/cs\/outsourcing-procesu-a-funkci\/\" \/>\n<meta property=\"og:site_name\" content=\"EWL Group\" \/>\n<meta property=\"article:modified_time\" content=\"2023-07-24T09:54:27+00:00\" \/>\n<meta property=\"og:image\" content=\"https:\/\/ewl.com.pl\/ewl\/wp-content\/uploads\/2021\/03\/korzysci-outsourcing-procesow-biznesowych.jpg\" \/>\n\t<meta property=\"og:image:width\" content=\"800\" \/>\n\t<meta property=\"og:image:height\" content=\"483\" \/>\n\t<meta property=\"og:image:type\" content=\"image\/jpeg\" \/>\n<meta name=\"twitter:card\" content=\"summary_large_image\" \/>\n<meta name=\"twitter:title\" content=\"Outsourcing proces\u00f3w i funkcji - wynajem pracownik\u00f3w do zada\u0144\" \/>\n<meta name=\"twitter:description\" content=\"W ramach us\u0142ugi outsourcingu proces\u00f3w pomagamy firmom zwi\u0119ksza\u0107 efektywno\u015b\u0107 przy jednoczesnym obni\u017caniu koszt\u00f3w i formalno\u015bci\" \/>\n<meta name=\"twitter:image\" content=\"https:\/\/ewl.com.pl\/ewl\/wp-content\/uploads\/2021\/03\/korzysci-outsourcing-procesow-biznesowych.jpg\" \/>\n<script type=\"application\/ld+json\" class=\"yoast-schema-graph\">{\"@context\":\"https:\/\/schema.org\",\"@graph\":[{\"@type\":\"WebPage\",\"@id\":\"https:\/\/ewl.com.pl\/ewl\/cs\/outsourcing-procesu-a-funkci\/\",\"url\":\"https:\/\/ewl.com.pl\/ewl\/cs\/outsourcing-procesu-a-funkci\/\",\"name\":\"Outsourcing proces\u016f a funkc\u00ed - obchodn\u00ed slu\u017eby EWL Group\",\"isPartOf\":{\"@id\":\"https:\/\/ewl.com.pl\/ewl\/cs\/#website\"},\"datePublished\":\"2020-05-15T10:46:20+00:00\",\"dateModified\":\"2023-07-24T09:54:27+00:00\",\"description\":\"V r\u00e1mci outsourcingu proces\u016f pom\u00e1h\u00e1me firm\u00e1m zvy\u0161ovat efektivitu a z\u00e1rove\u0148 sni\u017eovat n\u00e1klady a pap\u00edrov\u00e1n\u00ed.\",\"breadcrumb\":{\"@id\":\"https:\/\/ewl.com.pl\/ewl\/cs\/outsourcing-procesu-a-funkci\/#breadcrumb\"},\"inLanguage\":\"cs\",\"potentialAction\":[{\"@type\":\"ReadAction\",\"target\":[\"https:\/\/ewl.com.pl\/ewl\/cs\/outsourcing-procesu-a-funkci\/\"]}]},{\"@type\":\"BreadcrumbList\",\"@id\":\"https:\/\/ewl.com.pl\/ewl\/cs\/outsourcing-procesu-a-funkci\/#breadcrumb\",\"itemListElement\":[{\"@type\":\"ListItem\",\"position\":1,\"name\":\"Home\",\"item\":\"https:\/\/ewl.com.pl\/ewl\/cs\/\"},{\"@type\":\"ListItem\",\"position\":2,\"name\":\"Outsourcing proces\u016f a funkc\u00ed\"}]},{\"@type\":\"WebSite\",\"@id\":\"https:\/\/ewl.com.pl\/ewl\/cs\/#website\",\"url\":\"https:\/\/ewl.com.pl\/ewl\/cs\/\",\"name\":\"EWL Group\",\"description\":\"\",\"publisher\":{\"@id\":\"https:\/\/ewl.com.pl\/ewl\/cs\/#organization\"},\"potentialAction\":[{\"@type\":\"SearchAction\",\"target\":{\"@type\":\"EntryPoint\",\"urlTemplate\":\"https:\/\/ewl.com.pl\/ewl\/cs\/?s={search_term_string}\"},\"query-input\":{\"@type\":\"PropertyValueSpecification\",\"valueRequired\":true,\"valueName\":\"search_term_string\"}}],\"inLanguage\":\"cs\"},{\"@type\":\"Organization\",\"@id\":\"https:\/\/ewl.com.pl\/ewl\/cs\/#organization\",\"name\":\"EWL Group\",\"url\":\"https:\/\/ewl.com.pl\/ewl\/cs\/\",\"logo\":{\"@type\":\"ImageObject\",\"inLanguage\":\"cs\",\"@id\":\"https:\/\/ewl.com.pl\/ewl\/cs\/#\/schema\/logo\/image\/\",\"url\":\"https:\/\/ewl.com.pl\/wp-content\/uploads\/2020\/06\/logo-white@2x.png\",\"contentUrl\":\"https:\/\/ewl.com.pl\/wp-content\/uploads\/2020\/06\/logo-white@2x.png\",\"width\":312,\"height\":130,\"caption\":\"EWL Group\"},\"image\":{\"@id\":\"https:\/\/ewl.com.pl\/ewl\/cs\/#\/schema\/logo\/image\/\"}}]}<\/script>\n<!-- \/ Yoast SEO plugin. -->","yoast_head_json":{"title":"Outsourcing proces\u016f a funkc\u00ed - obchodn\u00ed slu\u017eby EWL Group","description":"V r\u00e1mci outsourcingu proces\u016f pom\u00e1h\u00e1me firm\u00e1m zvy\u0161ovat efektivitu a z\u00e1rove\u0148 sni\u017eovat n\u00e1klady a pap\u00edrov\u00e1n\u00ed.","robots":{"index":"index","follow":"follow","max-snippet":"max-snippet:-1","max-image-preview":"max-image-preview:large","max-video-preview":"max-video-preview:-1"},"canonical":"https:\/\/ewl.com.pl\/ewl\/cs\/outsourcing-procesu-a-funkci\/","og_locale":"cs_CZ","og_type":"article","og_title":"Outsourcing proces\u00f3w i funkcji - wynajem pracownik\u00f3w do zada\u0144","og_description":"W ramach us\u0142ugi outsourcingu proces\u00f3w pomagamy firmom zwi\u0119ksza\u0107 efektywno\u015b\u0107 przy jednoczesnym obni\u017caniu koszt\u00f3w i formalno\u015bci","og_url":"https:\/\/ewl.com.pl\/ewl\/cs\/outsourcing-procesu-a-funkci\/","og_site_name":"EWL Group","article_modified_time":"2023-07-24T09:54:27+00:00","og_image":[{"width":800,"height":483,"url":"https:\/\/ewl.com.pl\/ewl\/wp-content\/uploads\/2021\/03\/korzysci-outsourcing-procesow-biznesowych.jpg","type":"image\/jpeg"}],"twitter_card":"summary_large_image","twitter_title":"Outsourcing proces\u00f3w i funkcji - wynajem pracownik\u00f3w do zada\u0144","twitter_description":"W ramach us\u0142ugi outsourcingu proces\u00f3w pomagamy firmom zwi\u0119ksza\u0107 efektywno\u015b\u0107 przy jednoczesnym obni\u017caniu koszt\u00f3w i formalno\u015bci","twitter_image":"https:\/\/ewl.com.pl\/ewl\/wp-content\/uploads\/2021\/03\/korzysci-outsourcing-procesow-biznesowych.jpg","schema":{"@context":"https:\/\/schema.org","@graph":[{"@type":"WebPage","@id":"https:\/\/ewl.com.pl\/ewl\/cs\/outsourcing-procesu-a-funkci\/","url":"https:\/\/ewl.com.pl\/ewl\/cs\/outsourcing-procesu-a-funkci\/","name":"Outsourcing proces\u016f a funkc\u00ed - obchodn\u00ed slu\u017eby EWL Group","isPartOf":{"@id":"https:\/\/ewl.com.pl\/ewl\/cs\/#website"},"datePublished":"2020-05-15T10:46:20+00:00","dateModified":"2023-07-24T09:54:27+00:00","description":"V r\u00e1mci outsourcingu proces\u016f pom\u00e1h\u00e1me firm\u00e1m zvy\u0161ovat efektivitu a z\u00e1rove\u0148 sni\u017eovat n\u00e1klady a pap\u00edrov\u00e1n\u00ed.","breadcrumb":{"@id":"https:\/\/ewl.com.pl\/ewl\/cs\/outsourcing-procesu-a-funkci\/#breadcrumb"},"inLanguage":"cs","potentialAction":[{"@type":"ReadAction","target":["https:\/\/ewl.com.pl\/ewl\/cs\/outsourcing-procesu-a-funkci\/"]}]},{"@type":"BreadcrumbList","@id":"https:\/\/ewl.com.pl\/ewl\/cs\/outsourcing-procesu-a-funkci\/#breadcrumb","itemListElement":[{"@type":"ListItem","position":1,"name":"Home","item":"https:\/\/ewl.com.pl\/ewl\/cs\/"},{"@type":"ListItem","position":2,"name":"Outsourcing proces\u016f a funkc\u00ed"}]},{"@type":"WebSite","@id":"https:\/\/ewl.com.pl\/ewl\/cs\/#website","url":"https:\/\/ewl.com.pl\/ewl\/cs\/","name":"EWL Group","description":"","publisher":{"@id":"https:\/\/ewl.com.pl\/ewl\/cs\/#organization"},"potentialAction":[{"@type":"SearchAction","target":{"@type":"EntryPoint","urlTemplate":"https:\/\/ewl.com.pl\/ewl\/cs\/?s={search_term_string}"},"query-input":{"@type":"PropertyValueSpecification","valueRequired":true,"valueName":"search_term_string"}}],"inLanguage":"cs"},{"@type":"Organization","@id":"https:\/\/ewl.com.pl\/ewl\/cs\/#organization","name":"EWL Group","url":"https:\/\/ewl.com.pl\/ewl\/cs\/","logo":{"@type":"ImageObject","inLanguage":"cs","@id":"https:\/\/ewl.com.pl\/ewl\/cs\/#\/schema\/logo\/image\/","url":"https:\/\/ewl.com.pl\/wp-content\/uploads\/2020\/06\/logo-white@2x.png","contentUrl":"https:\/\/ewl.com.pl\/wp-content\/uploads\/2020\/06\/logo-white@2x.png","width":312,"height":130,"caption":"EWL Group"},"image":{"@id":"https:\/\/ewl.com.pl\/ewl\/cs\/#\/schema\/logo\/image\/"}}]}},"_links":{"self":[{"href":"https:\/\/ewl.com.pl\/ewl\/cs\/wp-json\/wp\/v2\/pages\/52012","targetHints":{"allow":["GET"]}}],"collection":[{"href":"https:\/\/ewl.com.pl\/ewl\/cs\/wp-json\/wp\/v2\/pages"}],"about":[{"href":"https:\/\/ewl.com.pl\/ewl\/cs\/wp-json\/wp\/v2\/types\/page"}],"author":[{"embeddable":true,"href":"https:\/\/ewl.com.pl\/ewl\/cs\/wp-json\/wp\/v2\/users\/1"}],"replies":[{"embeddable":true,"href":"https:\/\/ewl.com.pl\/ewl\/cs\/wp-json\/wp\/v2\/comments?post=52012"}],"version-history":[{"count":26,"href":"https:\/\/ewl.com.pl\/ewl\/cs\/wp-json\/wp\/v2\/pages\/52012\/revisions"}],"predecessor-version":[{"id":79149,"href":"https:\/\/ewl.com.pl\/ewl\/cs\/wp-json\/wp\/v2\/pages\/52012\/revisions\/79149"}],"wp:attachment":[{"href":"https:\/\/ewl.com.pl\/ewl\/cs\/wp-json\/wp\/v2\/media?parent=52012"}],"curies":[{"name":"wp","href":"https:\/\/api.w.org\/{rel}","templated":true}]}}