{"id":51987,"date":"2020-05-15T12:45:28","date_gmt":"2020-05-15T10:45:28","guid":{"rendered":"https:\/\/ewl.com.pl\/leasing-pracownikow\/"},"modified":"2023-07-24T11:53:01","modified_gmt":"2023-07-24T09:53:01","slug":"leasing-zamestnancu","status":"publish","type":"page","link":"https:\/\/ewl.com.pl\/ewl\/cs\/leasing-zamestnancu\/","title":{"rendered":"Zam\u011bstnaneck\u00fd leasing &#8211; pron\u00e1jem zam\u011bstnanc\u016f pro firmy"},"content":{"rendered":"","protected":false},"excerpt":{"rendered":"","protected":false},"author":1,"featured_media":0,"parent":0,"menu_order":0,"comment_status":"closed","ping_status":"closed","template":"","meta":{"_acf_changed":false,"footnotes":""},"class_list":["post-51987","page","type-page","status-publish","hentry"],"acf":[],"yoast_head":"<!-- This site is optimized with the Yoast SEO plugin v24.9 - https:\/\/yoast.com\/wordpress\/plugins\/seo\/ -->\n<title>Leasing zam\u011bstnanc\u016f a person\u00e1ln\u00ed leasing - EWL Group<\/title>\n<meta name=\"description\" content=\"V\u00fdb\u011brem slu\u017eby person\u00e1ln\u00edho leasingu optimalizujete sv\u00e9 n\u00e1klady na zam\u011bstn\u00e1v\u00e1n\u00ed a p\u0159iprav\u00edte svou spole\u010dnost na dynamick\u00e9 zm\u011bny v person\u00e1ln\u00edch pot\u0159eb\u00e1ch.\" \/>\n<meta name=\"robots\" content=\"index, follow, max-snippet:-1, max-image-preview:large, max-video-preview:-1\" \/>\n<link rel=\"canonical\" href=\"https:\/\/ewl.com.pl\/ewl\/cs\/leasing-zamestnancu\/\" \/>\n<meta property=\"og:locale\" content=\"cs_CZ\" \/>\n<meta property=\"og:type\" content=\"article\" \/>\n<meta property=\"og:title\" content=\"Leasing pracowniczy i us\u0142uga wynajmu pracownik\u00f3w - EWL Group\" \/>\n<meta property=\"og:description\" content=\"Wybieraj\u0105c us\u0142ug\u0119 leasingu pracownik\u00f3w zoptymalizujesz koszty zatrudnienia i przygotujesz firm\u0119 na dynamiczne zmiany zapotrzebowania kadrowego\" \/>\n<meta property=\"og:url\" content=\"https:\/\/ewl.com.pl\/ewl\/cs\/leasing-zamestnancu\/\" \/>\n<meta property=\"og:site_name\" content=\"EWL Group\" \/>\n<meta property=\"article:modified_time\" content=\"2023-07-24T09:53:01+00:00\" \/>\n<meta property=\"og:image\" content=\"https:\/\/ewl.com.pl\/ewl\/wp-content\/uploads\/2021\/02\/pracownicy-na-wynajem-dla-firm-agencja-ewl.jpg\" \/>\n\t<meta property=\"og:image:width\" content=\"1200\" \/>\n\t<meta property=\"og:image:height\" content=\"824\" \/>\n\t<meta property=\"og:image:type\" content=\"image\/jpeg\" \/>\n<meta name=\"twitter:card\" content=\"summary_large_image\" \/>\n<meta name=\"twitter:title\" content=\"Leasing pracowniczy i us\u0142uga wynajmu pracownik\u00f3w - EWL Group\" \/>\n<meta name=\"twitter:description\" content=\"Wybieraj\u0105c us\u0142ug\u0119 leasingu pracownik\u00f3w zoptymalizujesz koszty zatrudnienia i przygotujesz firm\u0119 na dynamiczne zmiany zapotrzebowania kadrowego\" \/>\n<meta name=\"twitter:image\" content=\"https:\/\/ewl.com.pl\/ewl\/wp-content\/uploads\/2021\/02\/pracownicy-na-wynajem-dla-firm-agencja-ewl.jpg\" \/>\n<script type=\"application\/ld+json\" class=\"yoast-schema-graph\">{\"@context\":\"https:\/\/schema.org\",\"@graph\":[{\"@type\":\"WebPage\",\"@id\":\"https:\/\/ewl.com.pl\/ewl\/cs\/leasing-zamestnancu\/\",\"url\":\"https:\/\/ewl.com.pl\/ewl\/cs\/leasing-zamestnancu\/\",\"name\":\"Leasing zam\u011bstnanc\u016f a person\u00e1ln\u00ed leasing - EWL Group\",\"isPartOf\":{\"@id\":\"https:\/\/ewl.com.pl\/ewl\/cs\/#website\"},\"datePublished\":\"2020-05-15T10:45:28+00:00\",\"dateModified\":\"2023-07-24T09:53:01+00:00\",\"description\":\"V\u00fdb\u011brem slu\u017eby person\u00e1ln\u00edho leasingu optimalizujete sv\u00e9 n\u00e1klady na zam\u011bstn\u00e1v\u00e1n\u00ed a p\u0159iprav\u00edte svou spole\u010dnost na dynamick\u00e9 zm\u011bny v person\u00e1ln\u00edch pot\u0159eb\u00e1ch.\",\"breadcrumb\":{\"@id\":\"https:\/\/ewl.com.pl\/ewl\/cs\/leasing-zamestnancu\/#breadcrumb\"},\"inLanguage\":\"cs\",\"potentialAction\":[{\"@type\":\"ReadAction\",\"target\":[\"https:\/\/ewl.com.pl\/ewl\/cs\/leasing-zamestnancu\/\"]}]},{\"@type\":\"BreadcrumbList\",\"@id\":\"https:\/\/ewl.com.pl\/ewl\/cs\/leasing-zamestnancu\/#breadcrumb\",\"itemListElement\":[{\"@type\":\"ListItem\",\"position\":1,\"name\":\"Home\",\"item\":\"https:\/\/ewl.com.pl\/ewl\/cs\/\"},{\"@type\":\"ListItem\",\"position\":2,\"name\":\"Zam\u011bstnaneck\u00fd leasing &#8211; pron\u00e1jem zam\u011bstnanc\u016f pro firmy\"}]},{\"@type\":\"WebSite\",\"@id\":\"https:\/\/ewl.com.pl\/ewl\/cs\/#website\",\"url\":\"https:\/\/ewl.com.pl\/ewl\/cs\/\",\"name\":\"EWL Group\",\"description\":\"\",\"publisher\":{\"@id\":\"https:\/\/ewl.com.pl\/ewl\/cs\/#organization\"},\"potentialAction\":[{\"@type\":\"SearchAction\",\"target\":{\"@type\":\"EntryPoint\",\"urlTemplate\":\"https:\/\/ewl.com.pl\/ewl\/cs\/?s={search_term_string}\"},\"query-input\":{\"@type\":\"PropertyValueSpecification\",\"valueRequired\":true,\"valueName\":\"search_term_string\"}}],\"inLanguage\":\"cs\"},{\"@type\":\"Organization\",\"@id\":\"https:\/\/ewl.com.pl\/ewl\/cs\/#organization\",\"name\":\"EWL Group\",\"url\":\"https:\/\/ewl.com.pl\/ewl\/cs\/\",\"logo\":{\"@type\":\"ImageObject\",\"inLanguage\":\"cs\",\"@id\":\"https:\/\/ewl.com.pl\/ewl\/cs\/#\/schema\/logo\/image\/\",\"url\":\"https:\/\/ewl.com.pl\/wp-content\/uploads\/2020\/06\/logo-white@2x.png\",\"contentUrl\":\"https:\/\/ewl.com.pl\/wp-content\/uploads\/2020\/06\/logo-white@2x.png\",\"width\":312,\"height\":130,\"caption\":\"EWL Group\"},\"image\":{\"@id\":\"https:\/\/ewl.com.pl\/ewl\/cs\/#\/schema\/logo\/image\/\"}}]}<\/script>\n<!-- \/ Yoast SEO plugin. -->","yoast_head_json":{"title":"Leasing zam\u011bstnanc\u016f a person\u00e1ln\u00ed leasing - EWL Group","description":"V\u00fdb\u011brem slu\u017eby person\u00e1ln\u00edho leasingu optimalizujete sv\u00e9 n\u00e1klady na zam\u011bstn\u00e1v\u00e1n\u00ed a p\u0159iprav\u00edte svou spole\u010dnost na dynamick\u00e9 zm\u011bny v person\u00e1ln\u00edch pot\u0159eb\u00e1ch.","robots":{"index":"index","follow":"follow","max-snippet":"max-snippet:-1","max-image-preview":"max-image-preview:large","max-video-preview":"max-video-preview:-1"},"canonical":"https:\/\/ewl.com.pl\/ewl\/cs\/leasing-zamestnancu\/","og_locale":"cs_CZ","og_type":"article","og_title":"Leasing pracowniczy i us\u0142uga wynajmu pracownik\u00f3w - EWL Group","og_description":"Wybieraj\u0105c us\u0142ug\u0119 leasingu pracownik\u00f3w zoptymalizujesz koszty zatrudnienia i przygotujesz firm\u0119 na dynamiczne zmiany zapotrzebowania kadrowego","og_url":"https:\/\/ewl.com.pl\/ewl\/cs\/leasing-zamestnancu\/","og_site_name":"EWL Group","article_modified_time":"2023-07-24T09:53:01+00:00","og_image":[{"width":1200,"height":824,"url":"https:\/\/ewl.com.pl\/ewl\/wp-content\/uploads\/2021\/02\/pracownicy-na-wynajem-dla-firm-agencja-ewl.jpg","type":"image\/jpeg"}],"twitter_card":"summary_large_image","twitter_title":"Leasing pracowniczy i us\u0142uga wynajmu pracownik\u00f3w - EWL Group","twitter_description":"Wybieraj\u0105c us\u0142ug\u0119 leasingu pracownik\u00f3w zoptymalizujesz koszty zatrudnienia i przygotujesz firm\u0119 na dynamiczne zmiany zapotrzebowania kadrowego","twitter_image":"https:\/\/ewl.com.pl\/ewl\/wp-content\/uploads\/2021\/02\/pracownicy-na-wynajem-dla-firm-agencja-ewl.jpg","schema":{"@context":"https:\/\/schema.org","@graph":[{"@type":"WebPage","@id":"https:\/\/ewl.com.pl\/ewl\/cs\/leasing-zamestnancu\/","url":"https:\/\/ewl.com.pl\/ewl\/cs\/leasing-zamestnancu\/","name":"Leasing zam\u011bstnanc\u016f a person\u00e1ln\u00ed leasing - EWL Group","isPartOf":{"@id":"https:\/\/ewl.com.pl\/ewl\/cs\/#website"},"datePublished":"2020-05-15T10:45:28+00:00","dateModified":"2023-07-24T09:53:01+00:00","description":"V\u00fdb\u011brem slu\u017eby person\u00e1ln\u00edho leasingu optimalizujete sv\u00e9 n\u00e1klady na zam\u011bstn\u00e1v\u00e1n\u00ed a p\u0159iprav\u00edte svou spole\u010dnost na dynamick\u00e9 zm\u011bny v person\u00e1ln\u00edch pot\u0159eb\u00e1ch.","breadcrumb":{"@id":"https:\/\/ewl.com.pl\/ewl\/cs\/leasing-zamestnancu\/#breadcrumb"},"inLanguage":"cs","potentialAction":[{"@type":"ReadAction","target":["https:\/\/ewl.com.pl\/ewl\/cs\/leasing-zamestnancu\/"]}]},{"@type":"BreadcrumbList","@id":"https:\/\/ewl.com.pl\/ewl\/cs\/leasing-zamestnancu\/#breadcrumb","itemListElement":[{"@type":"ListItem","position":1,"name":"Home","item":"https:\/\/ewl.com.pl\/ewl\/cs\/"},{"@type":"ListItem","position":2,"name":"Zam\u011bstnaneck\u00fd leasing &#8211; pron\u00e1jem zam\u011bstnanc\u016f pro firmy"}]},{"@type":"WebSite","@id":"https:\/\/ewl.com.pl\/ewl\/cs\/#website","url":"https:\/\/ewl.com.pl\/ewl\/cs\/","name":"EWL Group","description":"","publisher":{"@id":"https:\/\/ewl.com.pl\/ewl\/cs\/#organization"},"potentialAction":[{"@type":"SearchAction","target":{"@type":"EntryPoint","urlTemplate":"https:\/\/ewl.com.pl\/ewl\/cs\/?s={search_term_string}"},"query-input":{"@type":"PropertyValueSpecification","valueRequired":true,"valueName":"search_term_string"}}],"inLanguage":"cs"},{"@type":"Organization","@id":"https:\/\/ewl.com.pl\/ewl\/cs\/#organization","name":"EWL Group","url":"https:\/\/ewl.com.pl\/ewl\/cs\/","logo":{"@type":"ImageObject","inLanguage":"cs","@id":"https:\/\/ewl.com.pl\/ewl\/cs\/#\/schema\/logo\/image\/","url":"https:\/\/ewl.com.pl\/wp-content\/uploads\/2020\/06\/logo-white@2x.png","contentUrl":"https:\/\/ewl.com.pl\/wp-content\/uploads\/2020\/06\/logo-white@2x.png","width":312,"height":130,"caption":"EWL Group"},"image":{"@id":"https:\/\/ewl.com.pl\/ewl\/cs\/#\/schema\/logo\/image\/"}}]}},"_links":{"self":[{"href":"https:\/\/ewl.com.pl\/ewl\/cs\/wp-json\/wp\/v2\/pages\/51987","targetHints":{"allow":["GET"]}}],"collection":[{"href":"https:\/\/ewl.com.pl\/ewl\/cs\/wp-json\/wp\/v2\/pages"}],"about":[{"href":"https:\/\/ewl.com.pl\/ewl\/cs\/wp-json\/wp\/v2\/types\/page"}],"author":[{"embeddable":true,"href":"https:\/\/ewl.com.pl\/ewl\/cs\/wp-json\/wp\/v2\/users\/1"}],"replies":[{"embeddable":true,"href":"https:\/\/ewl.com.pl\/ewl\/cs\/wp-json\/wp\/v2\/comments?post=51987"}],"version-history":[{"count":12,"href":"https:\/\/ewl.com.pl\/ewl\/cs\/wp-json\/wp\/v2\/pages\/51987\/revisions"}],"predecessor-version":[{"id":79146,"href":"https:\/\/ewl.com.pl\/ewl\/cs\/wp-json\/wp\/v2\/pages\/51987\/revisions\/79146"}],"wp:attachment":[{"href":"https:\/\/ewl.com.pl\/ewl\/cs\/wp-json\/wp\/v2\/media?parent=51987"}],"curies":[{"name":"wp","href":"https:\/\/api.w.org\/{rel}","templated":true}]}}