{"id":44448,"date":"2020-05-15T12:49:43","date_gmt":"2020-05-15T10:49:43","guid":{"rendered":"https:\/\/ewl.com.pl\/dlaczego-my\/"},"modified":"2021-02-03T14:33:49","modified_gmt":"2021-02-03T13:33:49","slug":"proc-my","status":"publish","type":"page","link":"https:\/\/ewl.com.pl\/ewl\/cs\/proc-my\/","title":{"rendered":"Pro\u010d my"},"content":{"rendered":"","protected":false},"excerpt":{"rendered":"","protected":false},"author":1,"featured_media":0,"parent":0,"menu_order":0,"comment_status":"closed","ping_status":"closed","template":"","meta":{"_acf_changed":false,"footnotes":""},"class_list":["post-44448","page","type-page","status-publish","hentry"],"acf":[],"yoast_head":"<!-- This site is optimized with the Yoast SEO plugin v24.9 - https:\/\/yoast.com\/wordpress\/plugins\/seo\/ -->\n<title>Leasing zam\u011bstnanc\u016f a komplexn\u00ed slu\u017eby - EWL Group<\/title>\n<meta name=\"description\" content=\"Partner se zku\u0161enostmi s n\u00e1borem a leasingem zam\u011bstnanc\u016f. Nab\u00edz\u00edme odbornou podporu, rozs\u00e1hlou z\u00e1kladnu zam\u011bstnanc\u016f a slu\u017eby \u00fapln\u00e9ho zam\u011bstn\u00e1n\u00ed.\" \/>\n<meta name=\"robots\" content=\"index, follow, max-snippet:-1, max-image-preview:large, max-video-preview:-1\" \/>\n<link rel=\"canonical\" href=\"https:\/\/ewl.com.pl\/ewl\/cs\/proc-my\/\" \/>\n<meta property=\"og:locale\" content=\"cs_CZ\" \/>\n<meta property=\"og:type\" content=\"article\" \/>\n<meta property=\"og:title\" content=\"Leasing zam\u011bstnanc\u016f a komplexn\u00ed slu\u017eby - EWL Group\" \/>\n<meta property=\"og:description\" content=\"Partner se zku\u0161enostmi s n\u00e1borem a leasingem zam\u011bstnanc\u016f. Nab\u00edz\u00edme odbornou podporu, rozs\u00e1hlou z\u00e1kladnu zam\u011bstnanc\u016f a slu\u017eby \u00fapln\u00e9ho zam\u011bstn\u00e1n\u00ed.\" \/>\n<meta property=\"og:url\" content=\"https:\/\/ewl.com.pl\/ewl\/cs\/proc-my\/\" \/>\n<meta property=\"og:site_name\" content=\"EWL Group\" \/>\n<meta property=\"article:modified_time\" content=\"2021-02-03T13:33:49+00:00\" \/>\n<meta name=\"twitter:card\" content=\"summary_large_image\" \/>\n<script type=\"application\/ld+json\" class=\"yoast-schema-graph\">{\"@context\":\"https:\/\/schema.org\",\"@graph\":[{\"@type\":\"WebPage\",\"@id\":\"https:\/\/ewl.com.pl\/ewl\/cs\/proc-my\/\",\"url\":\"https:\/\/ewl.com.pl\/ewl\/cs\/proc-my\/\",\"name\":\"Leasing zam\u011bstnanc\u016f a komplexn\u00ed slu\u017eby - EWL Group\",\"isPartOf\":{\"@id\":\"https:\/\/ewl.com.pl\/ewl\/cs\/#website\"},\"datePublished\":\"2020-05-15T10:49:43+00:00\",\"dateModified\":\"2021-02-03T13:33:49+00:00\",\"description\":\"Partner se zku\u0161enostmi s n\u00e1borem a leasingem zam\u011bstnanc\u016f. Nab\u00edz\u00edme odbornou podporu, rozs\u00e1hlou z\u00e1kladnu zam\u011bstnanc\u016f a slu\u017eby \u00fapln\u00e9ho zam\u011bstn\u00e1n\u00ed.\",\"breadcrumb\":{\"@id\":\"https:\/\/ewl.com.pl\/ewl\/cs\/proc-my\/#breadcrumb\"},\"inLanguage\":\"cs\",\"potentialAction\":[{\"@type\":\"ReadAction\",\"target\":[\"https:\/\/ewl.com.pl\/ewl\/cs\/proc-my\/\"]}]},{\"@type\":\"BreadcrumbList\",\"@id\":\"https:\/\/ewl.com.pl\/ewl\/cs\/proc-my\/#breadcrumb\",\"itemListElement\":[{\"@type\":\"ListItem\",\"position\":1,\"name\":\"Home\",\"item\":\"https:\/\/ewl.com.pl\/ewl\/cs\/\"},{\"@type\":\"ListItem\",\"position\":2,\"name\":\"Pro\u010d my\"}]},{\"@type\":\"WebSite\",\"@id\":\"https:\/\/ewl.com.pl\/ewl\/cs\/#website\",\"url\":\"https:\/\/ewl.com.pl\/ewl\/cs\/\",\"name\":\"EWL Group\",\"description\":\"\",\"publisher\":{\"@id\":\"https:\/\/ewl.com.pl\/ewl\/cs\/#organization\"},\"potentialAction\":[{\"@type\":\"SearchAction\",\"target\":{\"@type\":\"EntryPoint\",\"urlTemplate\":\"https:\/\/ewl.com.pl\/ewl\/cs\/?s={search_term_string}\"},\"query-input\":{\"@type\":\"PropertyValueSpecification\",\"valueRequired\":true,\"valueName\":\"search_term_string\"}}],\"inLanguage\":\"cs\"},{\"@type\":\"Organization\",\"@id\":\"https:\/\/ewl.com.pl\/ewl\/cs\/#organization\",\"name\":\"EWL Group\",\"url\":\"https:\/\/ewl.com.pl\/ewl\/cs\/\",\"logo\":{\"@type\":\"ImageObject\",\"inLanguage\":\"cs\",\"@id\":\"https:\/\/ewl.com.pl\/ewl\/cs\/#\/schema\/logo\/image\/\",\"url\":\"https:\/\/ewl.com.pl\/wp-content\/uploads\/2020\/06\/logo-white@2x.png\",\"contentUrl\":\"https:\/\/ewl.com.pl\/wp-content\/uploads\/2020\/06\/logo-white@2x.png\",\"width\":312,\"height\":130,\"caption\":\"EWL Group\"},\"image\":{\"@id\":\"https:\/\/ewl.com.pl\/ewl\/cs\/#\/schema\/logo\/image\/\"}}]}<\/script>\n<!-- \/ Yoast SEO plugin. -->","yoast_head_json":{"title":"Leasing zam\u011bstnanc\u016f a komplexn\u00ed slu\u017eby - EWL Group","description":"Partner se zku\u0161enostmi s n\u00e1borem a leasingem zam\u011bstnanc\u016f. Nab\u00edz\u00edme odbornou podporu, rozs\u00e1hlou z\u00e1kladnu zam\u011bstnanc\u016f a slu\u017eby \u00fapln\u00e9ho zam\u011bstn\u00e1n\u00ed.","robots":{"index":"index","follow":"follow","max-snippet":"max-snippet:-1","max-image-preview":"max-image-preview:large","max-video-preview":"max-video-preview:-1"},"canonical":"https:\/\/ewl.com.pl\/ewl\/cs\/proc-my\/","og_locale":"cs_CZ","og_type":"article","og_title":"Leasing zam\u011bstnanc\u016f a komplexn\u00ed slu\u017eby - EWL Group","og_description":"Partner se zku\u0161enostmi s n\u00e1borem a leasingem zam\u011bstnanc\u016f. Nab\u00edz\u00edme odbornou podporu, rozs\u00e1hlou z\u00e1kladnu zam\u011bstnanc\u016f a slu\u017eby \u00fapln\u00e9ho zam\u011bstn\u00e1n\u00ed.","og_url":"https:\/\/ewl.com.pl\/ewl\/cs\/proc-my\/","og_site_name":"EWL Group","article_modified_time":"2021-02-03T13:33:49+00:00","twitter_card":"summary_large_image","schema":{"@context":"https:\/\/schema.org","@graph":[{"@type":"WebPage","@id":"https:\/\/ewl.com.pl\/ewl\/cs\/proc-my\/","url":"https:\/\/ewl.com.pl\/ewl\/cs\/proc-my\/","name":"Leasing zam\u011bstnanc\u016f a komplexn\u00ed slu\u017eby - EWL Group","isPartOf":{"@id":"https:\/\/ewl.com.pl\/ewl\/cs\/#website"},"datePublished":"2020-05-15T10:49:43+00:00","dateModified":"2021-02-03T13:33:49+00:00","description":"Partner se zku\u0161enostmi s n\u00e1borem a leasingem zam\u011bstnanc\u016f. Nab\u00edz\u00edme odbornou podporu, rozs\u00e1hlou z\u00e1kladnu zam\u011bstnanc\u016f a slu\u017eby \u00fapln\u00e9ho zam\u011bstn\u00e1n\u00ed.","breadcrumb":{"@id":"https:\/\/ewl.com.pl\/ewl\/cs\/proc-my\/#breadcrumb"},"inLanguage":"cs","potentialAction":[{"@type":"ReadAction","target":["https:\/\/ewl.com.pl\/ewl\/cs\/proc-my\/"]}]},{"@type":"BreadcrumbList","@id":"https:\/\/ewl.com.pl\/ewl\/cs\/proc-my\/#breadcrumb","itemListElement":[{"@type":"ListItem","position":1,"name":"Home","item":"https:\/\/ewl.com.pl\/ewl\/cs\/"},{"@type":"ListItem","position":2,"name":"Pro\u010d my"}]},{"@type":"WebSite","@id":"https:\/\/ewl.com.pl\/ewl\/cs\/#website","url":"https:\/\/ewl.com.pl\/ewl\/cs\/","name":"EWL Group","description":"","publisher":{"@id":"https:\/\/ewl.com.pl\/ewl\/cs\/#organization"},"potentialAction":[{"@type":"SearchAction","target":{"@type":"EntryPoint","urlTemplate":"https:\/\/ewl.com.pl\/ewl\/cs\/?s={search_term_string}"},"query-input":{"@type":"PropertyValueSpecification","valueRequired":true,"valueName":"search_term_string"}}],"inLanguage":"cs"},{"@type":"Organization","@id":"https:\/\/ewl.com.pl\/ewl\/cs\/#organization","name":"EWL Group","url":"https:\/\/ewl.com.pl\/ewl\/cs\/","logo":{"@type":"ImageObject","inLanguage":"cs","@id":"https:\/\/ewl.com.pl\/ewl\/cs\/#\/schema\/logo\/image\/","url":"https:\/\/ewl.com.pl\/wp-content\/uploads\/2020\/06\/logo-white@2x.png","contentUrl":"https:\/\/ewl.com.pl\/wp-content\/uploads\/2020\/06\/logo-white@2x.png","width":312,"height":130,"caption":"EWL Group"},"image":{"@id":"https:\/\/ewl.com.pl\/ewl\/cs\/#\/schema\/logo\/image\/"}}]}},"_links":{"self":[{"href":"https:\/\/ewl.com.pl\/ewl\/cs\/wp-json\/wp\/v2\/pages\/44448","targetHints":{"allow":["GET"]}}],"collection":[{"href":"https:\/\/ewl.com.pl\/ewl\/cs\/wp-json\/wp\/v2\/pages"}],"about":[{"href":"https:\/\/ewl.com.pl\/ewl\/cs\/wp-json\/wp\/v2\/types\/page"}],"author":[{"embeddable":true,"href":"https:\/\/ewl.com.pl\/ewl\/cs\/wp-json\/wp\/v2\/users\/1"}],"replies":[{"embeddable":true,"href":"https:\/\/ewl.com.pl\/ewl\/cs\/wp-json\/wp\/v2\/comments?post=44448"}],"version-history":[{"count":3,"href":"https:\/\/ewl.com.pl\/ewl\/cs\/wp-json\/wp\/v2\/pages\/44448\/revisions"}],"predecessor-version":[{"id":45300,"href":"https:\/\/ewl.com.pl\/ewl\/cs\/wp-json\/wp\/v2\/pages\/44448\/revisions\/45300"}],"wp:attachment":[{"href":"https:\/\/ewl.com.pl\/ewl\/cs\/wp-json\/wp\/v2\/media?parent=44448"}],"curies":[{"name":"wp","href":"https:\/\/api.w.org\/{rel}","templated":true}]}}