{"id":88146,"date":"2024-10-03T19:33:27","date_gmt":"2024-10-03T17:33:27","guid":{"rendered":"https:\/\/ewl-b2b.jcd\/rekrutacje-stale\/"},"modified":"2025-03-19T15:41:04","modified_gmt":"2025-03-19T14:41:04","slug":"permanent-placement","status":"publish","type":"page","link":"https:\/\/ewl.com.pl\/en\/permanent-placement\/","title":{"rendered":"Permanent placement"},"content":{"rendered":"","protected":false},"excerpt":{"rendered":"","protected":false},"author":1,"featured_media":0,"parent":0,"menu_order":0,"comment_status":"closed","ping_status":"closed","template":"template-simple.php","meta":{"_acf_changed":false,"content-type":"","inline_featured_image":false,"footnotes":""},"class_list":["post-88146","page","type-page","status-publish","hentry"],"acf":[],"yoast_head":"<!-- This site is optimized with the Yoast SEO plugin v26.9 - https:\/\/yoast.com\/product\/yoast-seo-wordpress\/ -->\n<title>Rekrutacje Sta\u0142e - EWL Group | Twoja Przysz\u0142o\u015b\u0107 Zawodowa<\/title>\n<meta name=\"description\" content=\"EWL Group oferuje kompleksowe us\u0142ugi rekrutacji sta\u0142ej, kt\u00f3re zapewniaj\u0105 dost\u0119p do wysoko wykwalifikowanych pracownik\u00f3w. Sprawd\u017a nas!\" \/>\n<meta name=\"robots\" content=\"index, follow, max-snippet:-1, max-image-preview:large, max-video-preview:-1\" \/>\n<link rel=\"canonical\" href=\"https:\/\/ewl.com.pl\/en\/permanent-placement\/\" \/>\n<meta property=\"og:locale\" content=\"en_US\" \/>\n<meta property=\"og:type\" content=\"article\" \/>\n<meta property=\"og:title\" content=\"Rekrutacje Sta\u0142e - EWL Group | Twoja Przysz\u0142o\u015b\u0107 Zawodowa\" \/>\n<meta property=\"og:description\" content=\"EWL Group oferuje kompleksowe us\u0142ugi rekrutacji sta\u0142ej, kt\u00f3re zapewniaj\u0105 dost\u0119p do wysoko wykwalifikowanych pracownik\u00f3w. Sprawd\u017a nas!\" \/>\n<meta property=\"og:url\" content=\"https:\/\/ewl.com.pl\/en\/permanent-placement\/\" \/>\n<meta property=\"og:site_name\" content=\"EWL Global Services\" \/>\n<meta property=\"article:modified_time\" content=\"2025-03-19T14:41:04+00:00\" \/>\n<meta name=\"twitter:card\" content=\"summary_large_image\" \/>\n<script type=\"application\/ld+json\" class=\"yoast-schema-graph\">{\"@context\":\"https:\/\/schema.org\",\"@graph\":[{\"@type\":\"WebPage\",\"@id\":\"https:\/\/ewl.com.pl\/en\/permanent-placement\/\",\"url\":\"https:\/\/ewl.com.pl\/en\/permanent-placement\/\",\"name\":\"Rekrutacje Sta\u0142e - EWL Group | Twoja Przysz\u0142o\u015b\u0107 Zawodowa\",\"isPartOf\":{\"@id\":\"https:\/\/ewl.com.pl\/en\/#website\"},\"datePublished\":\"2024-10-03T17:33:27+00:00\",\"dateModified\":\"2025-03-19T14:41:04+00:00\",\"description\":\"EWL Group oferuje kompleksowe us\u0142ugi rekrutacji sta\u0142ej, kt\u00f3re zapewniaj\u0105 dost\u0119p do wysoko wykwalifikowanych pracownik\u00f3w. Sprawd\u017a nas!\",\"breadcrumb\":{\"@id\":\"https:\/\/ewl.com.pl\/en\/permanent-placement\/#breadcrumb\"},\"inLanguage\":\"en-US\",\"potentialAction\":[{\"@type\":\"ReadAction\",\"target\":[\"https:\/\/ewl.com.pl\/en\/permanent-placement\/\"]}]},{\"@type\":\"BreadcrumbList\",\"@id\":\"https:\/\/ewl.com.pl\/en\/permanent-placement\/#breadcrumb\",\"itemListElement\":[{\"@type\":\"ListItem\",\"position\":1,\"name\":\"Home\",\"item\":\"https:\/\/ewl.com.pl\/en\/\"},{\"@type\":\"ListItem\",\"position\":2,\"name\":\"Permanent placement\"}]},{\"@type\":\"WebSite\",\"@id\":\"https:\/\/ewl.com.pl\/en\/#website\",\"url\":\"https:\/\/ewl.com.pl\/en\/\",\"name\":\"EWL Group - Agencja Zatrudnienia i Us\u0142ugi HR\",\"description\":\"EWL Group to agencja zatrudnienia i us\u0142ugi HR. Pomagamy firmom szybko uzupe\u0142nia\u0107 braki kadrowe i skupi\u0107 si\u0119 na rozwoju biznesu.\",\"publisher\":{\"@id\":\"https:\/\/ewl.com.pl\/en\/#organization\"},\"potentialAction\":[{\"@type\":\"SearchAction\",\"target\":{\"@type\":\"EntryPoint\",\"urlTemplate\":\"https:\/\/ewl.com.pl\/en\/?s={search_term_string}\"},\"query-input\":{\"@type\":\"PropertyValueSpecification\",\"valueRequired\":true,\"valueName\":\"search_term_string\"}}],\"inLanguage\":\"en-US\"},{\"@type\":\"Organization\",\"@id\":\"https:\/\/ewl.com.pl\/en\/#organization\",\"name\":\"EWL Group - Agencja Zatrudnienia i Us\u0142ugi HR\",\"url\":\"https:\/\/ewl.com.pl\/en\/\",\"logo\":{\"@type\":\"ImageObject\",\"inLanguage\":\"en-US\",\"@id\":\"https:\/\/ewl.com.pl\/en\/#\/schema\/logo\/image\/\",\"url\":\"https:\/\/ewl.com.pl\/wp-content\/uploads\/2020\/06\/logo-white@2x.png\",\"contentUrl\":\"https:\/\/ewl.com.pl\/wp-content\/uploads\/2020\/06\/logo-white@2x.png\",\"width\":312,\"height\":130,\"caption\":\"EWL Group - Agencja Zatrudnienia i Us\u0142ugi HR\"},\"image\":{\"@id\":\"https:\/\/ewl.com.pl\/en\/#\/schema\/logo\/image\/\"}}]}<\/script>\n<!-- \/ Yoast SEO plugin. -->","yoast_head_json":{"title":"Rekrutacje Sta\u0142e - EWL Group | Twoja Przysz\u0142o\u015b\u0107 Zawodowa","description":"EWL Group oferuje kompleksowe us\u0142ugi rekrutacji sta\u0142ej, kt\u00f3re zapewniaj\u0105 dost\u0119p do wysoko wykwalifikowanych pracownik\u00f3w. Sprawd\u017a nas!","robots":{"index":"index","follow":"follow","max-snippet":"max-snippet:-1","max-image-preview":"max-image-preview:large","max-video-preview":"max-video-preview:-1"},"canonical":"https:\/\/ewl.com.pl\/en\/permanent-placement\/","og_locale":"en_US","og_type":"article","og_title":"Rekrutacje Sta\u0142e - EWL Group | Twoja Przysz\u0142o\u015b\u0107 Zawodowa","og_description":"EWL Group oferuje kompleksowe us\u0142ugi rekrutacji sta\u0142ej, kt\u00f3re zapewniaj\u0105 dost\u0119p do wysoko wykwalifikowanych pracownik\u00f3w. Sprawd\u017a nas!","og_url":"https:\/\/ewl.com.pl\/en\/permanent-placement\/","og_site_name":"EWL Global Services","article_modified_time":"2025-03-19T14:41:04+00:00","twitter_card":"summary_large_image","schema":{"@context":"https:\/\/schema.org","@graph":[{"@type":"WebPage","@id":"https:\/\/ewl.com.pl\/en\/permanent-placement\/","url":"https:\/\/ewl.com.pl\/en\/permanent-placement\/","name":"Rekrutacje Sta\u0142e - EWL Group | Twoja Przysz\u0142o\u015b\u0107 Zawodowa","isPartOf":{"@id":"https:\/\/ewl.com.pl\/en\/#website"},"datePublished":"2024-10-03T17:33:27+00:00","dateModified":"2025-03-19T14:41:04+00:00","description":"EWL Group oferuje kompleksowe us\u0142ugi rekrutacji sta\u0142ej, kt\u00f3re zapewniaj\u0105 dost\u0119p do wysoko wykwalifikowanych pracownik\u00f3w. Sprawd\u017a nas!","breadcrumb":{"@id":"https:\/\/ewl.com.pl\/en\/permanent-placement\/#breadcrumb"},"inLanguage":"en-US","potentialAction":[{"@type":"ReadAction","target":["https:\/\/ewl.com.pl\/en\/permanent-placement\/"]}]},{"@type":"BreadcrumbList","@id":"https:\/\/ewl.com.pl\/en\/permanent-placement\/#breadcrumb","itemListElement":[{"@type":"ListItem","position":1,"name":"Home","item":"https:\/\/ewl.com.pl\/en\/"},{"@type":"ListItem","position":2,"name":"Permanent placement"}]},{"@type":"WebSite","@id":"https:\/\/ewl.com.pl\/en\/#website","url":"https:\/\/ewl.com.pl\/en\/","name":"EWL Group - Agencja Zatrudnienia i Us\u0142ugi HR","description":"EWL Group to agencja zatrudnienia i us\u0142ugi HR. Pomagamy firmom szybko uzupe\u0142nia\u0107 braki kadrowe i skupi\u0107 si\u0119 na rozwoju biznesu.","publisher":{"@id":"https:\/\/ewl.com.pl\/en\/#organization"},"potentialAction":[{"@type":"SearchAction","target":{"@type":"EntryPoint","urlTemplate":"https:\/\/ewl.com.pl\/en\/?s={search_term_string}"},"query-input":{"@type":"PropertyValueSpecification","valueRequired":true,"valueName":"search_term_string"}}],"inLanguage":"en-US"},{"@type":"Organization","@id":"https:\/\/ewl.com.pl\/en\/#organization","name":"EWL Group - Agencja Zatrudnienia i Us\u0142ugi HR","url":"https:\/\/ewl.com.pl\/en\/","logo":{"@type":"ImageObject","inLanguage":"en-US","@id":"https:\/\/ewl.com.pl\/en\/#\/schema\/logo\/image\/","url":"https:\/\/ewl.com.pl\/wp-content\/uploads\/2020\/06\/logo-white@2x.png","contentUrl":"https:\/\/ewl.com.pl\/wp-content\/uploads\/2020\/06\/logo-white@2x.png","width":312,"height":130,"caption":"EWL Group - Agencja Zatrudnienia i Us\u0142ugi HR"},"image":{"@id":"https:\/\/ewl.com.pl\/en\/#\/schema\/logo\/image\/"}}]}},"_links":{"self":[{"href":"https:\/\/ewl.com.pl\/en\/wp-json\/wp\/v2\/pages\/88146","targetHints":{"allow":["GET"]}}],"collection":[{"href":"https:\/\/ewl.com.pl\/en\/wp-json\/wp\/v2\/pages"}],"about":[{"href":"https:\/\/ewl.com.pl\/en\/wp-json\/wp\/v2\/types\/page"}],"author":[{"embeddable":true,"href":"https:\/\/ewl.com.pl\/en\/wp-json\/wp\/v2\/users\/1"}],"replies":[{"embeddable":true,"href":"https:\/\/ewl.com.pl\/en\/wp-json\/wp\/v2\/comments?post=88146"}],"version-history":[{"count":2,"href":"https:\/\/ewl.com.pl\/en\/wp-json\/wp\/v2\/pages\/88146\/revisions"}],"predecessor-version":[{"id":89789,"href":"https:\/\/ewl.com.pl\/en\/wp-json\/wp\/v2\/pages\/88146\/revisions\/89789"}],"wp:attachment":[{"href":"https:\/\/ewl.com.pl\/en\/wp-json\/wp\/v2\/media?parent=88146"}],"curies":[{"name":"wp","href":"https:\/\/api.w.org\/{rel}","templated":true}]}}