{"id":88132,"date":"2024-10-03T19:10:37","date_gmt":"2024-10-03T17:10:37","guid":{"rendered":"https:\/\/ewl-b2b.jcd\/legalizacja-zatrudnienia\/"},"modified":"2024-11-04T13:30:42","modified_gmt":"2024-11-04T12:30:42","slug":"legalizace-zamestnani","status":"publish","type":"page","link":"https:\/\/ewl.com.pl\/cs\/legalizace-zamestnani\/","title":{"rendered":"Legalizace zam\u011bstn\u00e1n\u00ed &#8211; v\u0161echny formality p\u0159ed\u00e1v\u00e1te n\u00e1m."},"content":{"rendered":"","protected":false},"excerpt":{"rendered":"","protected":false},"author":1,"featured_media":0,"parent":0,"menu_order":0,"comment_status":"closed","ping_status":"closed","template":"template-simple.php","meta":{"_acf_changed":false,"content-type":"","inline_featured_image":false,"footnotes":""},"class_list":["post-88132","page","type-page","status-publish","hentry"],"acf":[],"yoast_head":"<!-- This site is optimized with the Yoast SEO plugin v26.9 - https:\/\/yoast.com\/product\/yoast-seo-wordpress\/ -->\n<title>Legalizace zam\u011bstn\u00e1n\u00ed - v\u0161echny formality p\u0159ed\u00e1v\u00e1te n\u00e1m.<\/title>\n<meta name=\"description\" content=\"Legalizacja zatrudnienia bez stresu! EWL Group zajmuje si\u0119 wszystkimi formalno\u015bciami, zapewniaj\u0105c szybki i bezproblemowy proces zatrudnienia.\" \/>\n<meta name=\"robots\" content=\"index, follow, max-snippet:-1, max-image-preview:large, max-video-preview:-1\" \/>\n<link rel=\"canonical\" href=\"https:\/\/ewl.com.pl\/cs\/legalizace-zamestnani\/\" \/>\n<meta property=\"og:locale\" content=\"cs_CZ\" \/>\n<meta property=\"og:type\" content=\"article\" \/>\n<meta property=\"og:title\" content=\"Legalizace zam\u011bstn\u00e1n\u00ed - v\u0161echny formality p\u0159ed\u00e1v\u00e1te n\u00e1m.\" \/>\n<meta property=\"og:description\" content=\"Legalizacja zatrudnienia bez stresu! EWL Group zajmuje si\u0119 wszystkimi formalno\u015bciami, zapewniaj\u0105c szybki i bezproblemowy proces zatrudnienia.\" \/>\n<meta property=\"og:url\" content=\"https:\/\/ewl.com.pl\/cs\/legalizace-zamestnani\/\" \/>\n<meta property=\"og:site_name\" content=\"EWL Global Services\" \/>\n<meta property=\"article:modified_time\" content=\"2024-11-04T12:30:42+00:00\" \/>\n<meta name=\"twitter:card\" content=\"summary_large_image\" \/>\n<script type=\"application\/ld+json\" class=\"yoast-schema-graph\">{\"@context\":\"https:\/\/schema.org\",\"@graph\":[{\"@type\":\"WebPage\",\"@id\":\"https:\/\/ewl.com.pl\/cs\/legalizace-zamestnani\/\",\"url\":\"https:\/\/ewl.com.pl\/cs\/legalizace-zamestnani\/\",\"name\":\"Legalizace zam\u011bstn\u00e1n\u00ed - v\u0161echny formality p\u0159ed\u00e1v\u00e1te n\u00e1m.\",\"isPartOf\":{\"@id\":\"https:\/\/ewl.com.pl\/cs\/#website\"},\"datePublished\":\"2024-10-03T17:10:37+00:00\",\"dateModified\":\"2024-11-04T12:30:42+00:00\",\"description\":\"Legalizacja zatrudnienia bez stresu! EWL Group zajmuje si\u0119 wszystkimi formalno\u015bciami, zapewniaj\u0105c szybki i bezproblemowy proces zatrudnienia.\",\"breadcrumb\":{\"@id\":\"https:\/\/ewl.com.pl\/cs\/legalizace-zamestnani\/#breadcrumb\"},\"inLanguage\":\"cs\",\"potentialAction\":[{\"@type\":\"ReadAction\",\"target\":[\"https:\/\/ewl.com.pl\/cs\/legalizace-zamestnani\/\"]}]},{\"@type\":\"BreadcrumbList\",\"@id\":\"https:\/\/ewl.com.pl\/cs\/legalizace-zamestnani\/#breadcrumb\",\"itemListElement\":[{\"@type\":\"ListItem\",\"position\":1,\"name\":\"Home\",\"item\":\"https:\/\/ewl.com.pl\/cs\/\"},{\"@type\":\"ListItem\",\"position\":2,\"name\":\"Legalizace zam\u011bstn\u00e1n\u00ed &#8211; v\u0161echny formality p\u0159ed\u00e1v\u00e1te n\u00e1m.\"}]},{\"@type\":\"WebSite\",\"@id\":\"https:\/\/ewl.com.pl\/cs\/#website\",\"url\":\"https:\/\/ewl.com.pl\/cs\/\",\"name\":\"EWL Group - Agencja Zatrudnienia i Us\u0142ugi HR\",\"description\":\"EWL Group to agencja zatrudnienia i us\u0142ugi HR. Pomagamy firmom szybko uzupe\u0142nia\u0107 braki kadrowe i skupi\u0107 si\u0119 na rozwoju biznesu.\",\"publisher\":{\"@id\":\"https:\/\/ewl.com.pl\/cs\/#organization\"},\"potentialAction\":[{\"@type\":\"SearchAction\",\"target\":{\"@type\":\"EntryPoint\",\"urlTemplate\":\"https:\/\/ewl.com.pl\/cs\/?s={search_term_string}\"},\"query-input\":{\"@type\":\"PropertyValueSpecification\",\"valueRequired\":true,\"valueName\":\"search_term_string\"}}],\"inLanguage\":\"cs\"},{\"@type\":\"Organization\",\"@id\":\"https:\/\/ewl.com.pl\/cs\/#organization\",\"name\":\"EWL Group - Agencja Zatrudnienia i Us\u0142ugi HR\",\"url\":\"https:\/\/ewl.com.pl\/cs\/\",\"logo\":{\"@type\":\"ImageObject\",\"inLanguage\":\"cs\",\"@id\":\"https:\/\/ewl.com.pl\/cs\/#\/schema\/logo\/image\/\",\"url\":\"https:\/\/ewl.com.pl\/wp-content\/uploads\/2020\/06\/logo-white@2x.png\",\"contentUrl\":\"https:\/\/ewl.com.pl\/wp-content\/uploads\/2020\/06\/logo-white@2x.png\",\"width\":312,\"height\":130,\"caption\":\"EWL Group - Agencja Zatrudnienia i Us\u0142ugi HR\"},\"image\":{\"@id\":\"https:\/\/ewl.com.pl\/cs\/#\/schema\/logo\/image\/\"}}]}<\/script>\n<!-- \/ Yoast SEO plugin. -->","yoast_head_json":{"title":"Legalizace zam\u011bstn\u00e1n\u00ed - v\u0161echny formality p\u0159ed\u00e1v\u00e1te n\u00e1m.","description":"Legalizacja zatrudnienia bez stresu! EWL Group zajmuje si\u0119 wszystkimi formalno\u015bciami, zapewniaj\u0105c szybki i bezproblemowy proces zatrudnienia.","robots":{"index":"index","follow":"follow","max-snippet":"max-snippet:-1","max-image-preview":"max-image-preview:large","max-video-preview":"max-video-preview:-1"},"canonical":"https:\/\/ewl.com.pl\/cs\/legalizace-zamestnani\/","og_locale":"cs_CZ","og_type":"article","og_title":"Legalizace zam\u011bstn\u00e1n\u00ed - v\u0161echny formality p\u0159ed\u00e1v\u00e1te n\u00e1m.","og_description":"Legalizacja zatrudnienia bez stresu! EWL Group zajmuje si\u0119 wszystkimi formalno\u015bciami, zapewniaj\u0105c szybki i bezproblemowy proces zatrudnienia.","og_url":"https:\/\/ewl.com.pl\/cs\/legalizace-zamestnani\/","og_site_name":"EWL Global Services","article_modified_time":"2024-11-04T12:30:42+00:00","twitter_card":"summary_large_image","schema":{"@context":"https:\/\/schema.org","@graph":[{"@type":"WebPage","@id":"https:\/\/ewl.com.pl\/cs\/legalizace-zamestnani\/","url":"https:\/\/ewl.com.pl\/cs\/legalizace-zamestnani\/","name":"Legalizace zam\u011bstn\u00e1n\u00ed - v\u0161echny formality p\u0159ed\u00e1v\u00e1te n\u00e1m.","isPartOf":{"@id":"https:\/\/ewl.com.pl\/cs\/#website"},"datePublished":"2024-10-03T17:10:37+00:00","dateModified":"2024-11-04T12:30:42+00:00","description":"Legalizacja zatrudnienia bez stresu! EWL Group zajmuje si\u0119 wszystkimi formalno\u015bciami, zapewniaj\u0105c szybki i bezproblemowy proces zatrudnienia.","breadcrumb":{"@id":"https:\/\/ewl.com.pl\/cs\/legalizace-zamestnani\/#breadcrumb"},"inLanguage":"cs","potentialAction":[{"@type":"ReadAction","target":["https:\/\/ewl.com.pl\/cs\/legalizace-zamestnani\/"]}]},{"@type":"BreadcrumbList","@id":"https:\/\/ewl.com.pl\/cs\/legalizace-zamestnani\/#breadcrumb","itemListElement":[{"@type":"ListItem","position":1,"name":"Home","item":"https:\/\/ewl.com.pl\/cs\/"},{"@type":"ListItem","position":2,"name":"Legalizace zam\u011bstn\u00e1n\u00ed &#8211; v\u0161echny formality p\u0159ed\u00e1v\u00e1te n\u00e1m."}]},{"@type":"WebSite","@id":"https:\/\/ewl.com.pl\/cs\/#website","url":"https:\/\/ewl.com.pl\/cs\/","name":"EWL Group - Agencja Zatrudnienia i Us\u0142ugi HR","description":"EWL Group to agencja zatrudnienia i us\u0142ugi HR. Pomagamy firmom szybko uzupe\u0142nia\u0107 braki kadrowe i skupi\u0107 si\u0119 na rozwoju biznesu.","publisher":{"@id":"https:\/\/ewl.com.pl\/cs\/#organization"},"potentialAction":[{"@type":"SearchAction","target":{"@type":"EntryPoint","urlTemplate":"https:\/\/ewl.com.pl\/cs\/?s={search_term_string}"},"query-input":{"@type":"PropertyValueSpecification","valueRequired":true,"valueName":"search_term_string"}}],"inLanguage":"cs"},{"@type":"Organization","@id":"https:\/\/ewl.com.pl\/cs\/#organization","name":"EWL Group - Agencja Zatrudnienia i Us\u0142ugi HR","url":"https:\/\/ewl.com.pl\/cs\/","logo":{"@type":"ImageObject","inLanguage":"cs","@id":"https:\/\/ewl.com.pl\/cs\/#\/schema\/logo\/image\/","url":"https:\/\/ewl.com.pl\/wp-content\/uploads\/2020\/06\/logo-white@2x.png","contentUrl":"https:\/\/ewl.com.pl\/wp-content\/uploads\/2020\/06\/logo-white@2x.png","width":312,"height":130,"caption":"EWL Group - Agencja Zatrudnienia i Us\u0142ugi HR"},"image":{"@id":"https:\/\/ewl.com.pl\/cs\/#\/schema\/logo\/image\/"}}]}},"_links":{"self":[{"href":"https:\/\/ewl.com.pl\/cs\/wp-json\/wp\/v2\/pages\/88132","targetHints":{"allow":["GET"]}}],"collection":[{"href":"https:\/\/ewl.com.pl\/cs\/wp-json\/wp\/v2\/pages"}],"about":[{"href":"https:\/\/ewl.com.pl\/cs\/wp-json\/wp\/v2\/types\/page"}],"author":[{"embeddable":true,"href":"https:\/\/ewl.com.pl\/cs\/wp-json\/wp\/v2\/users\/1"}],"replies":[{"embeddable":true,"href":"https:\/\/ewl.com.pl\/cs\/wp-json\/wp\/v2\/comments?post=88132"}],"version-history":[{"count":2,"href":"https:\/\/ewl.com.pl\/cs\/wp-json\/wp\/v2\/pages\/88132\/revisions"}],"predecessor-version":[{"id":88188,"href":"https:\/\/ewl.com.pl\/cs\/wp-json\/wp\/v2\/pages\/88132\/revisions\/88188"}],"wp:attachment":[{"href":"https:\/\/ewl.com.pl\/cs\/wp-json\/wp\/v2\/media?parent=88132"}],"curies":[{"name":"wp","href":"https:\/\/api.w.org\/{rel}","templated":true}]}}