{"id":88108,"date":"2024-10-11T01:59:10","date_gmt":"2024-10-10T23:59:10","guid":{"rendered":"https:\/\/ewl-b2b.jcd\/dziekujemy\/"},"modified":"2024-11-05T17:53:17","modified_gmt":"2024-11-05T16:53:17","slug":"dekuji","status":"publish","type":"page","link":"https:\/\/ewl.com.pl\/cs\/dekuji\/","title":{"rendered":"D\u011bkuji"},"content":{"rendered":"","protected":false},"excerpt":{"rendered":"","protected":false},"author":1,"featured_media":0,"parent":0,"menu_order":0,"comment_status":"closed","ping_status":"closed","template":"template-thank-you.php","meta":{"_acf_changed":false,"content-type":"","inline_featured_image":false,"footnotes":""},"class_list":["post-88108","page","type-page","status-publish","hentry"],"acf":[],"yoast_head":"<!-- This site is optimized with the Yoast SEO plugin v27.4 - https:\/\/yoast.com\/product\/yoast-seo-wordpress\/ -->\n<title>D\u011bkujeme za vypln\u011bn\u00ed formul\u00e1\u0159e<\/title>\n<meta name=\"robots\" content=\"index, follow, max-snippet:-1, max-image-preview:large, max-video-preview:-1\" \/>\n<link rel=\"canonical\" href=\"https:\/\/ewl.com.pl\/cs\/dekuji\/\" \/>\n<meta property=\"og:locale\" content=\"cs_CZ\" \/>\n<meta property=\"og:type\" content=\"article\" \/>\n<meta property=\"og:title\" content=\"D\u011bkujeme za vypln\u011bn\u00ed formul\u00e1\u0159e\" \/>\n<meta property=\"og:url\" content=\"https:\/\/ewl.com.pl\/cs\/dekuji\/\" \/>\n<meta property=\"og:site_name\" content=\"EWL Global Services\" \/>\n<meta property=\"article:modified_time\" content=\"2024-11-05T16:53:17+00:00\" \/>\n<meta name=\"twitter:card\" content=\"summary_large_image\" \/>\n<script type=\"application\/ld+json\" class=\"yoast-schema-graph\">{\"@context\":\"https:\\\/\\\/schema.org\",\"@graph\":[{\"@type\":\"WebPage\",\"@id\":\"https:\\\/\\\/ewl.com.pl\\\/cs\\\/dekuji\\\/\",\"url\":\"https:\\\/\\\/ewl.com.pl\\\/cs\\\/dekuji\\\/\",\"name\":\"D\u011bkujeme za vypln\u011bn\u00ed formul\u00e1\u0159e\",\"isPartOf\":{\"@id\":\"https:\\\/\\\/ewl.com.pl\\\/cs\\\/#website\"},\"datePublished\":\"2024-10-10T23:59:10+00:00\",\"dateModified\":\"2024-11-05T16:53:17+00:00\",\"breadcrumb\":{\"@id\":\"https:\\\/\\\/ewl.com.pl\\\/cs\\\/dekuji\\\/#breadcrumb\"},\"inLanguage\":\"cs\",\"potentialAction\":[{\"@type\":\"ReadAction\",\"target\":[\"https:\\\/\\\/ewl.com.pl\\\/cs\\\/dekuji\\\/\"]}]},{\"@type\":\"BreadcrumbList\",\"@id\":\"https:\\\/\\\/ewl.com.pl\\\/cs\\\/dekuji\\\/#breadcrumb\",\"itemListElement\":[{\"@type\":\"ListItem\",\"position\":1,\"name\":\"Home\",\"item\":\"https:\\\/\\\/ewl.com.pl\\\/cs\\\/\"},{\"@type\":\"ListItem\",\"position\":2,\"name\":\"D\u011bkuji\"}]},{\"@type\":\"WebSite\",\"@id\":\"https:\\\/\\\/ewl.com.pl\\\/cs\\\/#website\",\"url\":\"https:\\\/\\\/ewl.com.pl\\\/cs\\\/\",\"name\":\"EWL Group - Agencja Zatrudnienia i Us\u0142ugi HR\",\"description\":\"EWL Group to agencja zatrudnienia i us\u0142ugi HR. Pomagamy firmom szybko uzupe\u0142nia\u0107 braki kadrowe i skupi\u0107 si\u0119 na rozwoju biznesu.\",\"publisher\":{\"@id\":\"https:\\\/\\\/ewl.com.pl\\\/cs\\\/#organization\"},\"potentialAction\":[{\"@type\":\"SearchAction\",\"target\":{\"@type\":\"EntryPoint\",\"urlTemplate\":\"https:\\\/\\\/ewl.com.pl\\\/cs\\\/?s={search_term_string}\"},\"query-input\":{\"@type\":\"PropertyValueSpecification\",\"valueRequired\":true,\"valueName\":\"search_term_string\"}}],\"inLanguage\":\"cs\"},{\"@type\":\"Organization\",\"@id\":\"https:\\\/\\\/ewl.com.pl\\\/cs\\\/#organization\",\"name\":\"EWL Group - Agencja Zatrudnienia i Us\u0142ugi HR\",\"url\":\"https:\\\/\\\/ewl.com.pl\\\/cs\\\/\",\"logo\":{\"@type\":\"ImageObject\",\"inLanguage\":\"cs\",\"@id\":\"https:\\\/\\\/ewl.com.pl\\\/cs\\\/#\\\/schema\\\/logo\\\/image\\\/\",\"url\":\"https:\\\/\\\/ewl.com.pl\\\/wp-content\\\/uploads\\\/2020\\\/06\\\/logo-white@2x.png\",\"contentUrl\":\"https:\\\/\\\/ewl.com.pl\\\/wp-content\\\/uploads\\\/2020\\\/06\\\/logo-white@2x.png\",\"width\":312,\"height\":130,\"caption\":\"EWL Group - Agencja Zatrudnienia i Us\u0142ugi HR\"},\"image\":{\"@id\":\"https:\\\/\\\/ewl.com.pl\\\/cs\\\/#\\\/schema\\\/logo\\\/image\\\/\"}}]}<\/script>\n<!-- \/ Yoast SEO plugin. -->","yoast_head_json":{"title":"D\u011bkujeme za vypln\u011bn\u00ed formul\u00e1\u0159e","robots":{"index":"index","follow":"follow","max-snippet":"max-snippet:-1","max-image-preview":"max-image-preview:large","max-video-preview":"max-video-preview:-1"},"canonical":"https:\/\/ewl.com.pl\/cs\/dekuji\/","og_locale":"cs_CZ","og_type":"article","og_title":"D\u011bkujeme za vypln\u011bn\u00ed formul\u00e1\u0159e","og_url":"https:\/\/ewl.com.pl\/cs\/dekuji\/","og_site_name":"EWL Global Services","article_modified_time":"2024-11-05T16:53:17+00:00","twitter_card":"summary_large_image","schema":{"@context":"https:\/\/schema.org","@graph":[{"@type":"WebPage","@id":"https:\/\/ewl.com.pl\/cs\/dekuji\/","url":"https:\/\/ewl.com.pl\/cs\/dekuji\/","name":"D\u011bkujeme za vypln\u011bn\u00ed formul\u00e1\u0159e","isPartOf":{"@id":"https:\/\/ewl.com.pl\/cs\/#website"},"datePublished":"2024-10-10T23:59:10+00:00","dateModified":"2024-11-05T16:53:17+00:00","breadcrumb":{"@id":"https:\/\/ewl.com.pl\/cs\/dekuji\/#breadcrumb"},"inLanguage":"cs","potentialAction":[{"@type":"ReadAction","target":["https:\/\/ewl.com.pl\/cs\/dekuji\/"]}]},{"@type":"BreadcrumbList","@id":"https:\/\/ewl.com.pl\/cs\/dekuji\/#breadcrumb","itemListElement":[{"@type":"ListItem","position":1,"name":"Home","item":"https:\/\/ewl.com.pl\/cs\/"},{"@type":"ListItem","position":2,"name":"D\u011bkuji"}]},{"@type":"WebSite","@id":"https:\/\/ewl.com.pl\/cs\/#website","url":"https:\/\/ewl.com.pl\/cs\/","name":"EWL Group - Agencja Zatrudnienia i Us\u0142ugi HR","description":"EWL Group to agencja zatrudnienia i us\u0142ugi HR. Pomagamy firmom szybko uzupe\u0142nia\u0107 braki kadrowe i skupi\u0107 si\u0119 na rozwoju biznesu.","publisher":{"@id":"https:\/\/ewl.com.pl\/cs\/#organization"},"potentialAction":[{"@type":"SearchAction","target":{"@type":"EntryPoint","urlTemplate":"https:\/\/ewl.com.pl\/cs\/?s={search_term_string}"},"query-input":{"@type":"PropertyValueSpecification","valueRequired":true,"valueName":"search_term_string"}}],"inLanguage":"cs"},{"@type":"Organization","@id":"https:\/\/ewl.com.pl\/cs\/#organization","name":"EWL Group - Agencja Zatrudnienia i Us\u0142ugi HR","url":"https:\/\/ewl.com.pl\/cs\/","logo":{"@type":"ImageObject","inLanguage":"cs","@id":"https:\/\/ewl.com.pl\/cs\/#\/schema\/logo\/image\/","url":"https:\/\/ewl.com.pl\/wp-content\/uploads\/2020\/06\/logo-white@2x.png","contentUrl":"https:\/\/ewl.com.pl\/wp-content\/uploads\/2020\/06\/logo-white@2x.png","width":312,"height":130,"caption":"EWL Group - Agencja Zatrudnienia i Us\u0142ugi HR"},"image":{"@id":"https:\/\/ewl.com.pl\/cs\/#\/schema\/logo\/image\/"}}]}},"_links":{"self":[{"href":"https:\/\/ewl.com.pl\/cs\/wp-json\/wp\/v2\/pages\/88108","targetHints":{"allow":["GET"]}}],"collection":[{"href":"https:\/\/ewl.com.pl\/cs\/wp-json\/wp\/v2\/pages"}],"about":[{"href":"https:\/\/ewl.com.pl\/cs\/wp-json\/wp\/v2\/types\/page"}],"author":[{"embeddable":true,"href":"https:\/\/ewl.com.pl\/cs\/wp-json\/wp\/v2\/users\/1"}],"replies":[{"embeddable":true,"href":"https:\/\/ewl.com.pl\/cs\/wp-json\/wp\/v2\/comments?post=88108"}],"version-history":[{"count":1,"href":"https:\/\/ewl.com.pl\/cs\/wp-json\/wp\/v2\/pages\/88108\/revisions"}],"predecessor-version":[{"id":88191,"href":"https:\/\/ewl.com.pl\/cs\/wp-json\/wp\/v2\/pages\/88108\/revisions\/88191"}],"wp:attachment":[{"href":"https:\/\/ewl.com.pl\/cs\/wp-json\/wp\/v2\/media?parent=88108"}],"curies":[{"name":"wp","href":"https:\/\/api.w.org\/{rel}","templated":true}]}}