{"id":88096,"date":"2024-10-03T16:06:58","date_gmt":"2024-10-03T14:06:58","guid":{"rendered":"https:\/\/ewl-b2b.jcd\/strona-glowna\/"},"modified":"2025-10-23T14:40:35","modified_gmt":"2025-10-23T12:40:35","slug":"strona-glowna","status":"publish","type":"page","link":"https:\/\/ewl.com.pl\/cs\/","title":{"rendered":"Domovsk\u00e1 str\u00e1nka"},"content":{"rendered":"","protected":false},"excerpt":{"rendered":"","protected":false},"author":1,"featured_media":0,"parent":0,"menu_order":0,"comment_status":"closed","ping_status":"closed","template":"template-home.php","meta":{"_acf_changed":false,"content-type":"","inline_featured_image":false,"footnotes":""},"class_list":["post-88096","page","type-page","status-publish","hentry"],"acf":[],"yoast_head":"<!-- This site is optimized with the Yoast SEO plugin v27.4 - https:\/\/yoast.com\/product\/yoast-seo-wordpress\/ -->\n<title>EWL - Agentura do\u010dasn\u00e9ho zam\u011bstn\u00e1v\u00e1n\u00ed, zam\u011bstn\u00e1v\u00e1n\u00ed pracovn\u00edk\u016f<\/title>\n<meta name=\"description\" content=\"Pot\u0159ebujete zam\u011bstnance? Zjist\u011bte, co v\u00e1m m\u016f\u017ee nab\u00eddnout l\u00eddr na trhu. Zam\u011bstn\u00e1v\u00e1me pracovn\u00edky z Ukrajiny a dal\u0161\u00edch zem\u00ed a udr\u017eujeme n\u00edzkou \u00farove\u0148 fluktuace.\" \/>\n<meta name=\"robots\" content=\"index, follow, max-snippet:-1, max-image-preview:large, max-video-preview:-1\" \/>\n<link rel=\"canonical\" href=\"https:\/\/ewl.com.pl\/cs\/\" \/>\n<meta property=\"og:locale\" content=\"cs_CZ\" \/>\n<meta property=\"og:type\" content=\"article\" \/>\n<meta property=\"og:title\" content=\"EWL - Agentura do\u010dasn\u00e9ho zam\u011bstn\u00e1v\u00e1n\u00ed, zam\u011bstn\u00e1v\u00e1n\u00ed pracovn\u00edk\u016f\" \/>\n<meta property=\"og:description\" content=\"Pot\u0159ebujete zam\u011bstnance? Zjist\u011bte, co v\u00e1m m\u016f\u017ee nab\u00eddnout l\u00eddr na trhu. Zam\u011bstn\u00e1v\u00e1me pracovn\u00edky z Ukrajiny a dal\u0161\u00edch zem\u00ed a udr\u017eujeme n\u00edzkou \u00farove\u0148 fluktuace.\" \/>\n<meta property=\"og:url\" content=\"https:\/\/ewl.com.pl\/cs\/\" \/>\n<meta property=\"og:site_name\" content=\"EWL Global Services\" \/>\n<meta property=\"article:modified_time\" content=\"2025-10-23T12:40:35+00:00\" \/>\n<meta name=\"twitter:card\" content=\"summary_large_image\" \/>\n<script type=\"application\/ld+json\" class=\"yoast-schema-graph\">{\"@context\":\"https:\\\/\\\/schema.org\",\"@graph\":[{\"@type\":\"WebPage\",\"@id\":\"https:\\\/\\\/ewl.com.pl\\\/cs\\\/\",\"url\":\"https:\\\/\\\/ewl.com.pl\\\/cs\\\/\",\"name\":\"EWL - Agentura do\u010dasn\u00e9ho zam\u011bstn\u00e1v\u00e1n\u00ed, zam\u011bstn\u00e1v\u00e1n\u00ed pracovn\u00edk\u016f\",\"isPartOf\":{\"@id\":\"https:\\\/\\\/ewl.com.pl\\\/cs\\\/#website\"},\"datePublished\":\"2024-10-03T14:06:58+00:00\",\"dateModified\":\"2025-10-23T12:40:35+00:00\",\"description\":\"Pot\u0159ebujete zam\u011bstnance? Zjist\u011bte, co v\u00e1m m\u016f\u017ee nab\u00eddnout l\u00eddr na trhu. Zam\u011bstn\u00e1v\u00e1me pracovn\u00edky z Ukrajiny a dal\u0161\u00edch zem\u00ed a udr\u017eujeme n\u00edzkou \u00farove\u0148 fluktuace.\",\"breadcrumb\":{\"@id\":\"https:\\\/\\\/ewl.com.pl\\\/cs\\\/#breadcrumb\"},\"inLanguage\":\"cs\",\"potentialAction\":[{\"@type\":\"ReadAction\",\"target\":[\"https:\\\/\\\/ewl.com.pl\\\/cs\\\/\"]}]},{\"@type\":\"BreadcrumbList\",\"@id\":\"https:\\\/\\\/ewl.com.pl\\\/cs\\\/#breadcrumb\",\"itemListElement\":[{\"@type\":\"ListItem\",\"position\":1,\"name\":\"Home\",\"item\":\"https:\\\/\\\/ewl.com.pl\\\/cs\\\/\"},{\"@type\":\"ListItem\",\"position\":2,\"name\":\"Domovsk\u00e1 str\u00e1nka\"}]},{\"@type\":\"WebSite\",\"@id\":\"https:\\\/\\\/ewl.com.pl\\\/cs\\\/#website\",\"url\":\"https:\\\/\\\/ewl.com.pl\\\/cs\\\/\",\"name\":\"EWL Group - Agencja Zatrudnienia i Us\u0142ugi HR\",\"description\":\"EWL Group to agencja zatrudnienia i us\u0142ugi HR. Pomagamy firmom szybko uzupe\u0142nia\u0107 braki kadrowe i skupi\u0107 si\u0119 na rozwoju biznesu.\",\"publisher\":{\"@id\":\"https:\\\/\\\/ewl.com.pl\\\/cs\\\/#organization\"},\"potentialAction\":[{\"@type\":\"SearchAction\",\"target\":{\"@type\":\"EntryPoint\",\"urlTemplate\":\"https:\\\/\\\/ewl.com.pl\\\/cs\\\/?s={search_term_string}\"},\"query-input\":{\"@type\":\"PropertyValueSpecification\",\"valueRequired\":true,\"valueName\":\"search_term_string\"}}],\"inLanguage\":\"cs\"},{\"@type\":\"Organization\",\"@id\":\"https:\\\/\\\/ewl.com.pl\\\/cs\\\/#organization\",\"name\":\"EWL Group - Agencja Zatrudnienia i Us\u0142ugi HR\",\"url\":\"https:\\\/\\\/ewl.com.pl\\\/cs\\\/\",\"logo\":{\"@type\":\"ImageObject\",\"inLanguage\":\"cs\",\"@id\":\"https:\\\/\\\/ewl.com.pl\\\/cs\\\/#\\\/schema\\\/logo\\\/image\\\/\",\"url\":\"https:\\\/\\\/ewl.com.pl\\\/wp-content\\\/uploads\\\/2020\\\/06\\\/logo-white@2x.png\",\"contentUrl\":\"https:\\\/\\\/ewl.com.pl\\\/wp-content\\\/uploads\\\/2020\\\/06\\\/logo-white@2x.png\",\"width\":312,\"height\":130,\"caption\":\"EWL Group - Agencja Zatrudnienia i Us\u0142ugi HR\"},\"image\":{\"@id\":\"https:\\\/\\\/ewl.com.pl\\\/cs\\\/#\\\/schema\\\/logo\\\/image\\\/\"}}]}<\/script>\n<!-- \/ Yoast SEO plugin. -->","yoast_head_json":{"title":"EWL - Agentura do\u010dasn\u00e9ho zam\u011bstn\u00e1v\u00e1n\u00ed, zam\u011bstn\u00e1v\u00e1n\u00ed pracovn\u00edk\u016f","description":"Pot\u0159ebujete zam\u011bstnance? Zjist\u011bte, co v\u00e1m m\u016f\u017ee nab\u00eddnout l\u00eddr na trhu. Zam\u011bstn\u00e1v\u00e1me pracovn\u00edky z Ukrajiny a dal\u0161\u00edch zem\u00ed a udr\u017eujeme n\u00edzkou \u00farove\u0148 fluktuace.","robots":{"index":"index","follow":"follow","max-snippet":"max-snippet:-1","max-image-preview":"max-image-preview:large","max-video-preview":"max-video-preview:-1"},"canonical":"https:\/\/ewl.com.pl\/cs\/","og_locale":"cs_CZ","og_type":"article","og_title":"EWL - Agentura do\u010dasn\u00e9ho zam\u011bstn\u00e1v\u00e1n\u00ed, zam\u011bstn\u00e1v\u00e1n\u00ed pracovn\u00edk\u016f","og_description":"Pot\u0159ebujete zam\u011bstnance? Zjist\u011bte, co v\u00e1m m\u016f\u017ee nab\u00eddnout l\u00eddr na trhu. Zam\u011bstn\u00e1v\u00e1me pracovn\u00edky z Ukrajiny a dal\u0161\u00edch zem\u00ed a udr\u017eujeme n\u00edzkou \u00farove\u0148 fluktuace.","og_url":"https:\/\/ewl.com.pl\/cs\/","og_site_name":"EWL Global Services","article_modified_time":"2025-10-23T12:40:35+00:00","twitter_card":"summary_large_image","schema":{"@context":"https:\/\/schema.org","@graph":[{"@type":"WebPage","@id":"https:\/\/ewl.com.pl\/cs\/","url":"https:\/\/ewl.com.pl\/cs\/","name":"EWL - Agentura do\u010dasn\u00e9ho zam\u011bstn\u00e1v\u00e1n\u00ed, zam\u011bstn\u00e1v\u00e1n\u00ed pracovn\u00edk\u016f","isPartOf":{"@id":"https:\/\/ewl.com.pl\/cs\/#website"},"datePublished":"2024-10-03T14:06:58+00:00","dateModified":"2025-10-23T12:40:35+00:00","description":"Pot\u0159ebujete zam\u011bstnance? Zjist\u011bte, co v\u00e1m m\u016f\u017ee nab\u00eddnout l\u00eddr na trhu. Zam\u011bstn\u00e1v\u00e1me pracovn\u00edky z Ukrajiny a dal\u0161\u00edch zem\u00ed a udr\u017eujeme n\u00edzkou \u00farove\u0148 fluktuace.","breadcrumb":{"@id":"https:\/\/ewl.com.pl\/cs\/#breadcrumb"},"inLanguage":"cs","potentialAction":[{"@type":"ReadAction","target":["https:\/\/ewl.com.pl\/cs\/"]}]},{"@type":"BreadcrumbList","@id":"https:\/\/ewl.com.pl\/cs\/#breadcrumb","itemListElement":[{"@type":"ListItem","position":1,"name":"Home","item":"https:\/\/ewl.com.pl\/cs\/"},{"@type":"ListItem","position":2,"name":"Domovsk\u00e1 str\u00e1nka"}]},{"@type":"WebSite","@id":"https:\/\/ewl.com.pl\/cs\/#website","url":"https:\/\/ewl.com.pl\/cs\/","name":"EWL Group - Agencja Zatrudnienia i Us\u0142ugi HR","description":"EWL Group to agencja zatrudnienia i us\u0142ugi HR. Pomagamy firmom szybko uzupe\u0142nia\u0107 braki kadrowe i skupi\u0107 si\u0119 na rozwoju biznesu.","publisher":{"@id":"https:\/\/ewl.com.pl\/cs\/#organization"},"potentialAction":[{"@type":"SearchAction","target":{"@type":"EntryPoint","urlTemplate":"https:\/\/ewl.com.pl\/cs\/?s={search_term_string}"},"query-input":{"@type":"PropertyValueSpecification","valueRequired":true,"valueName":"search_term_string"}}],"inLanguage":"cs"},{"@type":"Organization","@id":"https:\/\/ewl.com.pl\/cs\/#organization","name":"EWL Group - Agencja Zatrudnienia i Us\u0142ugi HR","url":"https:\/\/ewl.com.pl\/cs\/","logo":{"@type":"ImageObject","inLanguage":"cs","@id":"https:\/\/ewl.com.pl\/cs\/#\/schema\/logo\/image\/","url":"https:\/\/ewl.com.pl\/wp-content\/uploads\/2020\/06\/logo-white@2x.png","contentUrl":"https:\/\/ewl.com.pl\/wp-content\/uploads\/2020\/06\/logo-white@2x.png","width":312,"height":130,"caption":"EWL Group - Agencja Zatrudnienia i Us\u0142ugi HR"},"image":{"@id":"https:\/\/ewl.com.pl\/cs\/#\/schema\/logo\/image\/"}}]}},"_links":{"self":[{"href":"https:\/\/ewl.com.pl\/cs\/wp-json\/wp\/v2\/pages\/88096","targetHints":{"allow":["GET"]}}],"collection":[{"href":"https:\/\/ewl.com.pl\/cs\/wp-json\/wp\/v2\/pages"}],"about":[{"href":"https:\/\/ewl.com.pl\/cs\/wp-json\/wp\/v2\/types\/page"}],"author":[{"embeddable":true,"href":"https:\/\/ewl.com.pl\/cs\/wp-json\/wp\/v2\/users\/1"}],"replies":[{"embeddable":true,"href":"https:\/\/ewl.com.pl\/cs\/wp-json\/wp\/v2\/comments?post=88096"}],"version-history":[{"count":9,"href":"https:\/\/ewl.com.pl\/cs\/wp-json\/wp\/v2\/pages\/88096\/revisions"}],"predecessor-version":[{"id":90643,"href":"https:\/\/ewl.com.pl\/cs\/wp-json\/wp\/v2\/pages\/88096\/revisions\/90643"}],"wp:attachment":[{"href":"https:\/\/ewl.com.pl\/cs\/wp-json\/wp\/v2\/media?parent=88096"}],"curies":[{"name":"wp","href":"https:\/\/api.w.org\/{rel}","templated":true}]}}